{"id":105,"date":"2022-06-23T13:25:42","date_gmt":"2022-06-23T11:25:42","guid":{"rendered":"https:\/\/didacsciences.be\/?page_id=105"},"modified":"2025-06-13T09:24:42","modified_gmt":"2025-06-13T07:24:42","slug":"concepts-didactiques","status":"publish","type":"page","link":"https:\/\/didacsciences.be\/index.php\/home\/concepts-didactiques\/","title":{"rendered":"Concepts didactiques, ou li\u00e9s aux d\u00e9marches d&rsquo;enseignement\/d&rsquo;apprentissage des sciences"},"content":{"rendered":"\n<p class=\"has-text-align-justify\">Les pages propos\u00e9es ici renvoient \u00e0 des concepts didactiques ou, plus largement, \u00e0 des r\u00e9flexions sur les d\u00e9marches et outils convoqu\u00e9s au cours des enseignements et apprentissages en sciences.<\/p>\n\n\n\n<div class=\"wp-block-group\"><div class=\"wp-block-group__inner-container is-layout-flow wp-block-group-is-layout-flow\">\n<div class=\"wp-block-buttons is-layout-flex wp-block-buttons-is-layout-flex\"><\/div>\n<\/div><\/div>\n\n\n\n\n\n<div class=\"wp-block-group\"><div class=\"wp-block-group__inner-container is-layout-flow wp-block-group-is-layout-flow\">\n<div class=\"wp-block-buttons is-layout-flex wp-block-buttons-is-layout-flex\"><\/div>\n<\/div><\/div>\n\n\n\n<div class=\"wp-block-group\"><div class=\"wp-block-group__inner-container is-layout-flow wp-block-group-is-layout-flow\">\n<div class=\"wp-block-buttons is-layout-flex wp-block-buttons-is-layout-flex\"><\/div>\n<\/div><\/div>\n\n\n\n<div class=\"wp-block-group\"><div class=\"wp-block-group__inner-container is-layout-flow wp-block-group-is-layout-flow\">\n<div class=\"wp-block-buttons is-layout-flex wp-block-buttons-is-layout-flex\"><\/div>\n<\/div><\/div>\n\n\n\n<div class=\"wp-block-group\"><div class=\"wp-block-group__inner-container is-layout-flow wp-block-group-is-layout-flow\">\n<div class=\"wp-block-buttons is-layout-flex wp-block-buttons-is-layout-flex\"><\/div>\n<\/div><\/div>\n\n\n\n<div class=\"wp-block-group\"><div class=\"wp-block-group__inner-container is-layout-flow wp-block-group-is-layout-flow\">\n<div class=\"wp-block-buttons is-layout-flex wp-block-buttons-is-layout-flex\"><\/div>\n<\/div><\/div>\n\n\n\n<div class=\"wp-block-group\"><div class=\"wp-block-group__inner-container is-layout-flow wp-block-group-is-layout-flow\">\n<div class=\"wp-block-buttons is-layout-flex wp-block-buttons-is-layout-flex\"><\/div>\n<\/div><\/div>\n\n\n\n<div class=\"wp-block-group\"><div class=\"wp-block-group__inner-container is-layout-flow wp-block-group-is-layout-flow\">\n<div class=\"wp-block-buttons is-layout-flex wp-block-buttons-is-layout-flex\"><\/div>\n<\/div><\/div>\n","protected":false},"excerpt":{"rendered":"<p>Les pages propos\u00e9es ici renvoient \u00e0 des concepts didactiques ou, plus largement, \u00e0 des r\u00e9flexions sur les d\u00e9marches et outils convoqu\u00e9s au cours des enseignements et apprentissages en sciences.<\/p>\n","protected":false},"author":1,"featured_media":0,"parent":27,"menu_order":0,"comment_status":"closed","ping_status":"closed","template":"","meta":{"saved_in_kubio":true,"footnotes":""},"class_list":["post-105","page","type-page","status-publish","hentry"],"kubio_ai_page_context":{"short_desc":"","purpose":"general"},"jetpack_sharing_enabled":true,"_links":{"self":[{"href":"https:\/\/didacsciences.be\/index.php\/wp-json\/wp\/v2\/pages\/105","targetHints":{"allow":["GET"]}}],"collection":[{"href":"https:\/\/didacsciences.be\/index.php\/wp-json\/wp\/v2\/pages"}],"about":[{"href":"https:\/\/didacsciences.be\/index.php\/wp-json\/wp\/v2\/types\/page"}],"author":[{"embeddable":true,"href":"https:\/\/didacsciences.be\/index.php\/wp-json\/wp\/v2\/users\/1"}],"replies":[{"embeddable":true,"href":"https:\/\/didacsciences.be\/index.php\/wp-json\/wp\/v2\/comments?post=105"}],"version-history":[{"count":50,"href":"https:\/\/didacsciences.be\/index.php\/wp-json\/wp\/v2\/pages\/105\/revisions"}],"predecessor-version":[{"id":1321,"href":"https:\/\/didacsciences.be\/index.php\/wp-json\/wp\/v2\/pages\/105\/revisions\/1321"}],"up":[{"embeddable":true,"href":"https:\/\/didacsciences.be\/index.php\/wp-json\/wp\/v2\/pages\/27"}],"wp:attachment":[{"href":"https:\/\/didacsciences.be\/index.php\/wp-json\/wp\/v2\/media?parent=105"}],"curies":[{"name":"wp","href":"https:\/\/api.w.org\/{rel}","templated":true}]}}