{"id":278,"date":"2022-06-28T09:50:04","date_gmt":"2022-06-28T07:50:04","guid":{"rendered":"https:\/\/didacsciences.be\/?page_id=278"},"modified":"2024-12-17T15:34:49","modified_gmt":"2024-12-17T14:34:49","slug":"matiere-primaire","status":"publish","type":"page","link":"https:\/\/didacsciences.be\/index.php\/home\/concepts-scientifiques\/matiere-primaire\/","title":{"rendered":"Mati\u00e8re (primaire)"},"content":{"rendered":"\n<p class=\"has-text-align-right\">Pour citer cette page : Roelants, D. et Dahmouche, H. (2022).&nbsp;<em>Mati\u00e8re (primaire)<\/em>. DidacSciences. https:\/\/didacsciences.be\/.<\/p>\n\n\n\n<h2 class=\"wp-block-heading\">Introduction et balises<\/h2>\n\n\n\n<p class=\"has-text-align-justify\">L\u2019environnement de l\u2019enfant regorge de mati\u00e8res de nature diverse. Alors que certaines sont perceptibles (ex : l\u2019eau), d\u2019autres le sont beaucoup moins (ex : l\u2019air). D\u00e8s l\u2019\u00e9cole maternelle, l\u2019\u00e9l\u00e8ve a \u00e9t\u00e9 confront\u00e9 \u00e0 une approche sensorielle de la mati\u00e8re et a commenc\u00e9 \u00e0 en percevoir les qualit\u00e9s et propri\u00e9t\u00e9s (Mettoudi, 2011<a href=\"#_ftn1\" id=\"_ftnref1\"><sup>[1]<\/sup><\/a>). Il a \u00e9t\u00e9 amen\u00e9 \u00e0 \u00e9laborer un premier niveau de conceptualisation et a notamment pris conscience de la mat\u00e9rialit\u00e9 d\u2019une mati\u00e8re peu perceptible : l\u2019air.<\/p>\n\n\n\n<p class=\"has-text-align-justify\">En primaire, l\u2019exploration de la mati\u00e8re se poursuit par la biais de la d\u00e9couverte des changements d\u2019\u00e9tat. l\u2019\u00e9l\u00e8ve est amen\u00e9 \u00e0 construire la distinction entre les solides, les liquides et les gaz. Il approche les changements d\u2019\u00e9tats principalement par l\u2019interm\u00e9diaire de l\u2019eau. L\u2019air et ses propri\u00e9t\u00e9s seront aussi davantage explor\u00e9s. Ces deux mati\u00e8res ont pour avantage de faire partie de l\u2019environnement direct de l\u2019\u00e9l\u00e8ve et de permettre de nombreuses manipulations. L\u2019enseignant am\u00e8ne progressivement l\u2019\u00e9l\u00e8ve \u00e0 construire des mod\u00e8les permettant d\u2019expliquer les effets des facteurs (ex : temp\u00e9rature, surface de contact, etc) sur les \u00e9tats et changements d\u2019\u00e9tats et rendant compte des observations effectu\u00e9es. Le cycle naturel de l\u2019eau fera l\u2019objet d\u2019investigations. Ces apprentissages permettent une sensibilisation au d\u00e9veloppement durable et notamment une r\u00e9flexion sur la pr\u00e9servation des ressources. Les m\u00e9langes r\u00e9sultant de la mise en contact de plusieurs \u201cmati\u00e8res\u201d seront aussi abord\u00e9s. Certains auteurs invitent d\u2019ailleurs \u00e0 \u00e9largir l&rsquo;exploration \u00e0 d\u2019autres mati\u00e8res (mol\u00e9cules) afin de d\u00e9velopper une compr\u00e9hension plus g\u00e9n\u00e9rale des ph\u00e9nom\u00e8nes (<a href=\"https:\/\/www.hypothese.be\/wp-content\/uploads\/2021\/08\/noeud-gaz.pdf\" target=\"_blank\" rel=\"noreferrer noopener\">Dahmouche, Daro et Orange, 2021<\/a><a id=\"_ftnref2\" href=\"#_ftn2\"><sup>[2]<\/sup><\/a>).<\/p>\n\n\n\n<p class=\"has-text-align-justify\">De nombreux obstacles sont pr\u00e9sents chez les \u00e9l\u00e8ves du primaire en lien avec la mati\u00e8re. Le primat de la perception (fait d\u2019attribuer le statut de mati\u00e8re \u00e0 ce qui est per\u00e7u) et d\u00e9j\u00e0 pr\u00e9sent \u00e0 l\u2019\u00e9cole maternelle, le sera encore \u00e0 l\u2019\u00e9cole primaire (<a rel=\"noreferrer noopener\" href=\"https:\/\/www.persee.fr\/doc\/aster_0297-9373_1997_num_24_1_1099\" data-type=\"URL\" data-id=\"https:\/\/www.persee.fr\/doc\/aster_0297-9373_1997_num_24_1_1099\" target=\"_blank\">Pl\u00e9, 1997)<\/a><a id=\"_ftnref3\" href=\"#_ftn3\"><sup>[3]<\/sup><\/a>. La conceptualisation de l\u2019air s\u2019en trouvera affect\u00e9e. Pourtant, la prise en compte de la mat\u00e9rialit\u00e9 de l\u2019air sera essentielle pour construire d\u2019autres concepts scientifiques comme la ventilation pulmonaire, la photosynth\u00e8se ou encore plus tard la r\u00e9action chimique, la pression. La mat\u00e9rialit\u00e9 d\u2019autres mati\u00e8res, comme l\u2019eau, est plus \u00e9vidente mais d\u2019autres difficult\u00e9s apparaissent. Ainsi, <a rel=\"noreferrer noopener\" href=\"https:\/\/www.persee.fr\/doc\/aster_0297-9373_1997_num_24_1_1099\" target=\"_blank\">Pl\u00e9 (1997)<\/a><a id=\"_ftnref4\" href=\"#_ftn4\"><sup>[4]<\/sup><\/a> a montr\u00e9 que des \u00e9l\u00e8ves de 10-11 ans consid\u00e8rent parfois que l\u2019eau qui s\u2019\u00e9vapore donne de l\u2019air. Cet obstacle peut rendre plus difficile d\u2019autres apprentissages comme ceux li\u00e9s au cycle naturel de l\u2019eau. D\u2019autres recherches comme celle de <a href=\"https:\/\/www.academia.edu\/9912768\/Ravanis_K_2014_Les_repr%C3%A9sentations_des_enfants_de_5_6_ans_sur_la_fusion_et_la_solidification_du_sel_comme_support_pour_le_d%C3%A9ploiement_des_activit%C3%A9s_didactiques_International_Journal_of_Research_in_Education_Methodology_6_3_943_947\" data-type=\"URL\" data-id=\"https:\/\/www.academia.edu\/9912768\/Ravanis_K_2014_Les_repr%C3%A9sentations_des_enfants_de_5_6_ans_sur_la_fusion_et_la_solidification_du_sel_comme_support_pour_le_d%C3%A9ploiement_des_activit%C3%A9s_didactiques_International_Journal_of_Research_in_Education_Methodology_6_3_943_947\" target=\"_blank\" rel=\"noreferrer noopener\">Ravanis (2014)<\/a><a id=\"_ftnref5\" href=\"#_ftn5\"><sup>[5]<\/sup><\/a> (\u00e0 propos du sel) ont montr\u00e9 que d\u2019autres substances ne sont pas per\u00e7ues comme de la mati\u00e8re pouvant passer d\u2019un \u00e9tat \u00e0 l\u2019autre. Ce constat observ\u00e9 chez des jeunes \u00e9l\u00e8ves (5-6 ans) se marque donc encore \u00e0 la fin de l\u2019\u00e9cole primaire. La r\u00e9versibilit\u00e9 des changements d\u2019\u00e9tats est souvent aussi \u00e0 construire. Vers la fin de l\u2019\u00e9cole primaire, la confusion entre \u00e9vaporation et \u00e9bullition d\u2019un liquide est aussi \u00e0 d\u00e9nouer. Plusieurs auteurs se sont int\u00e9ress\u00e9s \u00e0 ces difficult\u00e9s. Vous les retrouverez ci-apr\u00e8s.<\/p>\n\n\n\n<p class=\"has-text-align-justify\">Les perceptions \u201cquotidiennes\u201d des \u00e9l\u00e8ves sont persistantes et puissantes. Elles sont souvent peu compatibles avec une explication scientifique. Cela montre la n\u00e9cessit\u00e9 de permettre \u00e0 chaque \u00e9l\u00e8ve d\u2019explorer la mat\u00e9rialit\u00e9 de l\u2019air, les changements d\u2019\u00e9tats de la mati\u00e8re d\u00e8s le plus jeune \u00e2ge afin de d\u00e9velopper des mod\u00e8les explicatifs plus proches des mod\u00e8les scientifiques.<\/p>\n\n\n\n<p class=\"has-text-align-justify\">Au niveau des transformations de la mati\u00e8re autres que physiques, les \u00e9l\u00e8ves seront amen\u00e9s \u00e0 observer quelques ph\u00e9nom\u00e8nes chimiques du quotidien comme la combustion.<\/p>\n\n\n\n<p class=\"has-text-align-justify\">Cette exploration de la mati\u00e8re permet d\u2019enrichir un capital exp\u00e9rientiel. Elle permet d\u2019\u00e9laborer un premier mod\u00e8le de transformation de la mati\u00e8re. Celui-ci sera essentiel pour le d\u00e9veloppement des disciplines de la chimie et de la physique dans le secondaire (constitution de la mati\u00e8re, transformation et conservation de la mati\u00e8re, etc).<\/p>\n\n\n\n<p class=\"has-text-align-justify\">Ajoutons que les d\u00e9marches autour de la mati\u00e8re am\u00e8nent \u00e0 d\u00e9velopper le <a href=\"https:\/\/didacsciences.be\/index.php\/home\/concepts-didactiques\/langage\/\" data-type=\"URL\" data-id=\"https:\/\/didacsciences.be\/index.php\/home\/concepts-didactiques\/langage\/\" target=\"_blank\" rel=\"noreferrer noopener\">langage<\/a>. Cela se fait par le biais de l\u2019enrichissement du lexique relatif \u00e0 la mati\u00e8re et ses propri\u00e9t\u00e9s, des actions exerc\u00e9es mais aussi, de fa\u00e7on plus cruciale, gr\u00e2ce aux activit\u00e9s de conceptualisation (le langage comme outil de pens\u00e9e, cf. page langage).<\/p>\n\n\n\n<hr class=\"wp-block-separator has-alpha-channel-opacity\"\/>\n\n\n\n<h2 class=\"wp-block-heading\">Entr\u00e9es faciles<\/h2>\n\n\n\n<p class=\"has-text-align-justify\">Dans son ouvrage, Tavernier (2019)<a href=\"#_ftn6\" id=\"_ftnref6\"><sup>[6]<\/sup><\/a> propose une mise au point des connaissances et d\u00e9marches propres \u00e0 la physique et \u00e0 la technologie. Des exemples concrets d\u2019activit\u00e9s et de d\u00e9marches sont sugg\u00e9r\u00e9es pour chaque cycle d\u2019enseignement. Des \u00e9clairages scientifiques \u00e0 propos du concept de mati\u00e8re sont propos\u00e9s.<\/p>\n\n\n\n<p class=\"has-text-align-justify\">Diverses brochures th\u00e9matiques de l\u2019asbl Hypoth\u00e8se proposent des pistes pour permettre \u00e0 l\u2019\u00e9l\u00e8ve de se poser des questions scientifiques \u00e0 propos des forces. Les s\u00e9quences propos\u00e9es s\u2019accompagnent d\u2019\u00e9clairages didactiques et scientifiques. :<\/p>\n\n\n\n<ul class=\"wp-block-list\">\n<li>La <a href=\"https:\/\/www.hypothese.be\/index.php\/brochures-thematiques\/\" data-type=\"URL\" data-id=\"https:\/\/www.hypothese.be\/index.php\/brochures-thematiques\/\" target=\"_blank\" rel=\"noreferrer noopener\">brochure th\u00e9matique de l\u2019asbl Hypoth\u00e8se \u201cLes glaci\u00e8res\u201d<\/a> explore les ph\u00e9nom\u00e8nes de changement d\u2019\u00e9tat ;<\/li>\n\n\n\n<li>La <a href=\"https:\/\/www.hypothese.be\/index.php\/brochures-thematiques\/\" data-type=\"URL\" data-id=\"https:\/\/www.hypothese.be\/index.php\/brochures-thematiques\/\" target=\"_blank\" rel=\"noreferrer noopener\">brochure \u201cM\u00e9langes et d\u00e9m\u00e9langes\u201d<\/a> touche aux m\u00e9langes et aux m\u00e9thodes de s\u00e9paration. les notions de miscibilit\u00e9 des substances, de m\u00e9langes h\u00e9t\u00e9rog\u00e8nes et homog\u00e8nes sont convoqu\u00e9s.<\/li>\n<\/ul>\n\n\n\n<p class=\"has-text-align-justify\">\u00c0 propos de concepts physiques, Hartmann (2006)<a href=\"#_ftn7\" id=\"_ftnref7\"><sup>[7]<\/sup><\/a> propose un outil pratique reprenant des activit\u00e9s de classe sur diverses th\u00e9matiques. Deux chapitres sont notamment consacr\u00e9s respectivement \u00e0 l\u2019eau et \u00e0 l\u2019air. L\u2019int\u00e9r\u00eat r\u00e9side notamment dans les \u00e9clairages sur les conceptions des \u00e9l\u00e8ves de la maternelle au primaire.<\/p>\n\n\n\n<p class=\"has-text-align-justify\">L\u2019ouvrage de Thouin (2006)<a href=\"#_ftn8\" id=\"_ftnref8\"><sup>[8]<\/sup><\/a> contient de nombreux exemples de probl\u00e8mes que l\u2019on peut proposer aux \u00e9l\u00e8ves de maternelle et primaire. Il s\u2019agit ici d\u2019une approche s\u2019inspirant des recherches r\u00e9centes en didactique des sciences permettant aux \u00e9l\u00e8ves de faire \u00e9voluer leurs conceptions par des solutions et\/ou approches possiblement diff\u00e9rentes, leur permettant ainsi de s\u2019initier \u00e0 la v\u00e9ritable nature du travail scientifique. Pour l\u2019enseignant, chaque exemple est richement accompagn\u00e9 de suggestions de mises en situation, de rep\u00e8res culturels et historiques, de suggestions d\u2019activit\u00e9s de structuration et d\u2019enrichissement, etc. Le module 1 de l\u2019ouvrage est consacr\u00e9 \u00e0 la structure de la mati\u00e8re.<\/p>\n\n\n\n<p class=\"has-text-align-justify\">Dans une brochure destin\u00e9e aux enseignants de 3e et 4 e primaire, <a rel=\"noreferrer noopener\" href=\"http:\/\/www.enseignement.be\/index.php?page=24864\" target=\"_blank\">Giot et Quittre (2006)<\/a><a id=\"_ftnref9\" href=\"#_ftn9\"><sup>[9]<\/sup><\/a> proposent une s\u00e9quence touchant \u00e0 la mat\u00e9rialit\u00e9 de l\u2019air. Celle-ci est d\u00e9crite et accompagn\u00e9e des obstacles rencontr\u00e9s par les \u00e9l\u00e8ves et des objectifs vis\u00e9s.<\/p>\n\n\n\n<p class=\"has-text-align-justify\">Dans leur ouvrage, Jadin et Roosens (2022)<a href=\"#_ftn10\"><sup>[10]<\/sup><\/a> pr\u00e9sentent une recherche-action en lien avec les malentendus d\u2019apprentissage. Apr\u00e8s une premi\u00e8re partie qui touche \u00e0 des apports th\u00e9oriques sur le sujet, la seconde propose une description et une analyse d\u00e9taill\u00e9es de trois r\u00e9cits de s\u00e9quences d\u2019apprentissage (en fran\u00e7ais, en math\u00e9matique et en science). La s\u00e9quence en science traite de la mat\u00e9rialit\u00e9 de l\u2019air. Une troisi\u00e8me partie permet aux auteurs de poser quelques balises pour pr\u00e9parer et mieux cadrer une s\u00e9quence. Pour aller plus loin sur les malentendus, nous vous envoyons vers la page d\u00e9di\u00e9e.<\/p>\n\n\n\n<p class=\"has-text-align-justify\">Le consortium 4 du Pacte a r\u00e9alis\u00e9 un <a href=\"https:\/\/hypothese.be\/outils\/reculs-didactiques\/\" data-type=\"link\" data-id=\"https:\/\/hypothese.be\/outils\/reculs-didactiques\/\">guide raisonn\u00e9<\/a> (Dahmouche, Daro et Orange, 2021) sur la notion de gaz (mat\u00e9rialit\u00e9, propri\u00e9t\u00e9s, changement d\u2019\u00e9tat, etc.). Apr\u00e8s avoir pr\u00e9sent\u00e9 bri\u00e8vement les enjeux autour de ce concept, des exemples sont discut\u00e9s et des points de vigilance sont propos\u00e9s. Le r\u00f4le de l\u2019enseignant est \u00e9galement pr\u00e9cis\u00e9.<\/p>\n\n\n\n<p class=\"has-text-align-justify\">Le<a href=\"https:\/\/www4.ac-nancy-metz.fr\/ien57metznord\/spip.php?article219&amp;lang=fr\" target=\"_blank\" rel=\"noreferrer noopener\"> document d\u2019accompagnement \u201cfiches de connaissances cycles 2 et 3 \u201c des programmes fran\u00e7ais \u00e0 propos de la d\u00e9couverte du monde des objets, de la mati\u00e8re et du vivant <\/a>&nbsp;(Minist\u00e8re de l\u2019\u00c9ducation nationale, de l\u2019Enseignement sup\u00e9rieur et de la Recherche Direction de l\u2019enseignement scolaire, 2002) propose, dans son introduction, des balises m\u00e9thodologiques et didactiques pour l\u2019enseignant. Celles-ci pr\u00e9sentent notamment les notions en jeu, les difficult\u00e9s chez les \u00e9l\u00e8ves ainsi que les \u00e9cueils \u00e0 \u00e9viter.<\/p>\n\n\n\n<p>D\u2019autre part, la page \u201c<a href=\"https:\/\/didacsciences.be\/index.php\/home\/concepts-didactiques\/modele-modelisation\/\" target=\"_blank\" rel=\"noreferrer noopener\">mod\u00e9lisation<\/a>\u201d peut constituer un compl\u00e9ment int\u00e9ressant.<\/p>\n\n\n\n<hr class=\"wp-block-separator has-alpha-channel-opacity\"\/>\n\n\n\n<h2 class=\"wp-block-heading\">\u00c9crits scientifiques<\/h2>\n\n\n\n<p class=\"has-text-align-justify\">Dans cet article de <a rel=\"noreferrer noopener\" href=\"https:\/\/www.cairn.info\/revue-carrefours-de-l-education-2008-1-page-17.htm\" target=\"_blank\">Bisault (2008)<\/a>, il est question du r\u00f4le du langage dans la conceptualisation au cours d\u2019une s\u00e9quence d\u2019investigation exp\u00e9rimentale sur le th\u00e8me du brouillard en primaire (cycle 3). \u00c0 partir des productions langagi\u00e8res (\u00e9crites ou orales), l\u2019auteur d\u00e9crit les processus de conceptualisation se d\u00e9roulant chez les \u00e9l\u00e8ves, d\u2019une part durant la phase d\u2019\u00e9laboration de protocoles exp\u00e9rimentaux, d\u2019autre part durant la phase de lecture documentaire. Durant cette s\u00e9quence, les \u00e9l\u00e8ves sont amen\u00e9s \u00e0 identifier la nature physique du brouillard ainsi que son m\u00e9canisme de formation li\u00e9 aux changements d\u2019\u00e9tat.<br><br>Le r\u00f4le des \u00e9crits dans l\u2019\u00e9laboration des concepts li\u00e9s \u00e0 la transformation de la mati\u00e8re \u00e0 l\u2019\u00e9cole \u00e9l\u00e9mentaire a \u00e9t\u00e9 explor\u00e9 par <a rel=\"noreferrer noopener\" href=\"https:\/\/www.persee.fr\/doc\/reper_1157-1330_1995_num_12_1_2155\" target=\"_blank\">V\u00e9rin (2005)<\/a>. L\u2019auteur met en avant l\u2019importance de ces productions de travail dans le d\u00e9veloppement de la pens\u00e9e des \u00e9l\u00e8ves et le d\u00e9passement des obstacles.<br><br><a href=\"https:\/\/www.persee.fr\/doc\/aster_0297-9373_1997_num_24_1_1099\" data-type=\"URL\" data-id=\"https:\/\/www.persee.fr\/doc\/aster_0297-9373_1997_num_24_1_1099\" target=\"_blank\" rel=\"noreferrer noopener\">Pl\u00e9 (1997)<\/a> pr\u00e9sente des pistes de strat\u00e9gies pour amener les \u00e9l\u00e8ves du cycle 3 \u00e0 franchir les obstacles li\u00e9s \u00e0 la transformation de la mati\u00e8re; en particulier ceux qui touchent \u00e0 la mat\u00e9rialit\u00e9 de l\u2019air (\u201cl\u2019air n\u2019est pas de la mati\u00e8re\u201d et \u201cl\u2019eau qui s\u2019\u00e9vapore donne de l\u2019air\u201d). Son article d\u00e9crit le fonctionnement de ces obstacles chez les \u00e9l\u00e8ves et les dispositifs flexibles que l\u2019enseignant peut mettre en \u0153uvre pour traiter ceux-ci.<br><br>La mani\u00e8re dont les \u00e9l\u00e8ves (10-12 ans) se repr\u00e9sentent les changements de la mati\u00e8re a par exemple \u00e9t\u00e9 investigu\u00e9e par <a rel=\"noreferrer noopener\" href=\"https:\/\/www.persee.fr\/doc\/didas_1250-0739_1998_num_12_1_1043\" target=\"_blank\">Hatzinikita et Koulaidis (1998)<\/a>. Les cat\u00e9gories que ces \u00e9l\u00e8ves mobilisent sont celles de l&rsquo;exp\u00e9rience directe (ex : changement de forme); ce qui est en d\u00e9calage avec celles prescrites dans les programmes qui correspond \u00e0 la distinction ph\u00e9nom\u00e8nes physiques ou chimiques.<br><br>Dans son <a rel=\"noreferrer noopener\" href=\"https:\/\/www.persee.fr\/doc\/aster_0297-9373_1997_num_24_1_1098\" target=\"_blank\">article, Peterfalvi (1997)<\/a> montre l\u2019int\u00e9r\u00eat et des pistes pour identifier les obstacles rencontr\u00e9s par les \u00e9l\u00e8ves. Le domaine d&rsquo;exemplification concerne la mati\u00e8re, au sens large. L\u2019<a rel=\"noreferrer noopener\" href=\"https:\/\/www.persee.fr\/doc\/aster_0297-9373_1997_num_25_1_1110\" target=\"_blank\">article d\u2019Astolfi et Peterfalvi (1997)<\/a> est un bon compl\u00e9ment.<br><br>L\u2019article de <a rel=\"noreferrer noopener\" href=\"https:\/\/www.persee.fr\/doc\/aster_0297-9373_2004_num_38_1_1258\" target=\"_blank\">Bisault et Fontaine (2004)<\/a> montre le travail d\u2019argumentation, d\u2019explication et de d\u00e9bat entre les \u00e9l\u00e8ves du primaire autour du th\u00e8me de l\u2019air.<br><br><a rel=\"noreferrer noopener\" href=\"https:\/\/journals.openedition.org\/rdst\/758#tocto2n5\" target=\"_blank\">L\u2019article d\u2019Aldon et B\u00e9cu-Robinault (2013)<\/a> traite d\u2019une s\u00e9ance d\u2019apprentissage en physique autour du ph\u00e9nom\u00e8ne d\u2019augmentation du volume de l\u2019eau lors du passage de l\u2019\u00e9tat solide \u00e0&nbsp; l\u2019\u00e9tat liquide dans le cadre d\u2019une classe de SEGPA (Section d\u2019enseignement g\u00e9n\u00e9ral et professionnel adapt\u00e9). La recherche vise \u00e0 comprendre en quoi la mod\u00e9lisation peut favoriser la construction d\u2019un mod\u00e8le explicatif et de faire \u00e9merger les difficult\u00e9s qui y sont li\u00e9es.<br><\/p>\n\n\n\n<p class=\"has-text-align-justify\">L<a href=\"https:\/\/www.oapub.org\/edu\/index.php\/ejes\/article\/view\/569\/1577\" target=\"_blank\" rel=\"noreferrer noopener\">\u2019article de Ravanis (2017)<\/a> interroge les repr\u00e9sentations des \u00e9l\u00e8ves grecs de 5 \u00e0 14 ans \u00e0 propos de la fusion et la solidification du sel.<\/p>\n\n\n\n<hr class=\"wp-block-separator has-alpha-channel-opacity\"\/>\n\n\n\n<h2 class=\"wp-block-heading\">Pistes de r\u00e9flexion pour les TFE et m\u00e9moires<\/h2>\n\n\n\n<p>S\u2019int\u00e9resser \u00e0 la mati\u00e8re avec des \u00e9l\u00e8ves de primaire, c\u2019est par exemple :<\/p>\n\n\n\n<ul class=\"wp-block-list\">\n<li>questionner les obstacles \u00e0 l\u2019apprentissage pr\u00e9sents chez ces \u00e9l\u00e8ves au cours de leur ann\u00e9es en primaire ;<\/li>\n\n\n\n<li>s\u2019interroger sur la fa\u00e7on d\u2019amener l\u2019\u00e9l\u00e8ve \u00e0 comprendre certaines propri\u00e9t\u00e9s de la mati\u00e8re ;<\/li>\n\n\n\n<li>questionner la fa\u00e7on d\u2019amener les \u00e9l\u00e8ves \u00e0 construire les concepts en lien avec la mat\u00e9rialit\u00e9 de l\u2019air ;<\/li>\n\n\n\n<li>questionner la place de l\u2019exp\u00e9rimentation dans les apprentissages des propri\u00e9t\u00e9s de la mati\u00e8re ;<\/li>\n\n\n\n<li>interroger le r\u00f4le de la mod\u00e9lisation dans ces apprentissages ;<\/li>\n\n\n\n<li>etc.<\/li>\n<\/ul>\n\n\n\n<hr class=\"wp-block-separator has-alpha-channel-opacity\"\/>\n\n\n\n<p><a href=\"#_ftnref1\" id=\"_ftn1\"><sup>[1]<\/sup><\/a> Mettoudi, C. (2011). <em>Comment enseigner en&#8230; maternelle: la d\u00e9couverte du monde: un v\u00e9ritable accompagnement p\u00e9dagogique<\/em>. Hachette \u00e9ducation. p. 48.<\/p>\n\n\n\n<p><a href=\"#_ftnref2\" id=\"_ftn2\"><sup>[2]<\/sup><\/a> Dahmouche, Daro et Orange (2021). <em>Le guide raisonn\u00e9 des n\u0153uds didactiques. Noeux : les gaz<\/em>. Consortium 4 : math\u00e9matiques, sciences, g\u00e9ographie.<\/p>\n\n\n\n<p><a href=\"#_ftnref3\" id=\"_ftn3\"><sup>[3]<\/sup><\/a> Pl\u00e9, E. (1997). Transformation de la mati\u00e8re \u00e0 l&rsquo;\u00e9cole \u00e9l\u00e9mentaire: des dispositifs flexibles pour franchir les obstacles. <em>Aster: Recherches en didactique des sciences exp\u00e9rimentales<\/em>, <em>24<\/em>(1), 203-229.<\/p>\n\n\n\n<p><a href=\"#_ftnref4\" id=\"_ftn4\"><sup>[4]<\/sup><\/a> Pl\u00e9, E. (1997). Transformation de la mati\u00e8re \u00e0 l&rsquo;\u00e9cole \u00e9l\u00e9mentaire: des dispositifs flexibles pour franchir les obstacles. <em>Aster: Recherches en didactique des sciences exp\u00e9rimentales<\/em>, <em>24<\/em>(1), 203-229.<\/p>\n\n\n\n<p><a href=\"#_ftnref5\" id=\"_ftn5\"><sup>[5]<\/sup><\/a> Ravanis, K. (2014). Les repr\u00e9sentations des enfants de 5-6 ans sur la fusion et la solidification du sel, comme support pour le d\u00e9ploiement des activit\u00e9s didactiques. <em>International Journal of Research in Education Methodology<\/em>, <em>6<\/em>(3), 943-947.<\/p>\n\n\n\n<p><a href=\"#_ftnref6\" id=\"_ftn6\"><sup>[6]<\/sup><\/a> Tavernier, R., &amp; Pierrard, M. A. (2009). <em>Enseigner les sciences exp\u00e9rimentales \u00e0 l&rsquo;\u00e9cole \u00e9l\u00e9mentaire: physique et technologie<\/em>. Bordas.<\/p>\n\n\n\n<p><a href=\"#_ftnref7\" id=\"_ftn7\"><sup>[7]<\/sup><\/a> Hartmann, M. (2006). <em>La physique est un jeu d\u2019enfant<\/em>. Editions Le Pommier.<\/p>\n\n\n\n<p><a href=\"#_ftnref8\" id=\"_ftn8\"><sup>[8]<\/sup><\/a> Thouin, M. (2006). <em>R\u00e9soudre des probl\u00e8mes scientifiques et technologiques au pr\u00e9scolaire et au primaire. <\/em>Editions Multimondes.<\/p>\n\n\n\n<p><a id=\"_ftn9\" href=\"#_ftnref9\"><sup>[9]<\/sup><\/a> Les activit\u00e9s scientifiques en classes de 3e et 4e ann\u00e9es primaires Aider les \u00e9l\u00e8ves \u00e0 structurer leurs acquis Document \u00e0 l\u2019usage des enseignant.<\/p>\n\n\n\n<p><a href=\"#_ftnref10\">[10]<\/a> Jadin, B. et Roosens, B. (2022). <em>Gare aux malentendus. D\u00e9jouer les pi\u00e8ges pour faire apprendre<\/em>. ChanGement pour l\u2019Egalit\u00e9.<\/p>\n","protected":false},"excerpt":{"rendered":"<p>Pour citer cette page : Roelants, D. et Dahmouche, H. (2022).&nbsp;Mati\u00e8re (primaire). DidacSciences. https:\/\/didacsciences.be\/. Introduction et balises L\u2019environnement de l\u2019enfant regorge de mati\u00e8res de nature diverse. Alors que certaines sont perceptibles (ex : l\u2019eau), d\u2019autres le sont beaucoup moins (ex : l\u2019air). D\u00e8s l\u2019\u00e9cole maternelle, l\u2019\u00e9l\u00e8ve a \u00e9t\u00e9 confront\u00e9 \u00e0 une approche sensorielle de la [&hellip;]<\/p>\n","protected":false},"author":1,"featured_media":0,"parent":119,"menu_order":0,"comment_status":"closed","ping_status":"closed","template":"","meta":{"saved_in_kubio":false,"footnotes":""},"class_list":["post-278","page","type-page","status-publish","hentry"],"kubio_ai_page_context":{"short_desc":"","purpose":"general"},"jetpack_sharing_enabled":true,"_links":{"self":[{"href":"https:\/\/didacsciences.be\/index.php\/wp-json\/wp\/v2\/pages\/278","targetHints":{"allow":["GET"]}}],"collection":[{"href":"https:\/\/didacsciences.be\/index.php\/wp-json\/wp\/v2\/pages"}],"about":[{"href":"https:\/\/didacsciences.be\/index.php\/wp-json\/wp\/v2\/types\/page"}],"author":[{"embeddable":true,"href":"https:\/\/didacsciences.be\/index.php\/wp-json\/wp\/v2\/users\/1"}],"replies":[{"embeddable":true,"href":"https:\/\/didacsciences.be\/index.php\/wp-json\/wp\/v2\/comments?post=278"}],"version-history":[{"count":17,"href":"https:\/\/didacsciences.be\/index.php\/wp-json\/wp\/v2\/pages\/278\/revisions"}],"predecessor-version":[{"id":1196,"href":"https:\/\/didacsciences.be\/index.php\/wp-json\/wp\/v2\/pages\/278\/revisions\/1196"}],"up":[{"embeddable":true,"href":"https:\/\/didacsciences.be\/index.php\/wp-json\/wp\/v2\/pages\/119"}],"wp:attachment":[{"href":"https:\/\/didacsciences.be\/index.php\/wp-json\/wp\/v2\/media?parent=278"}],"curies":[{"name":"wp","href":"https:\/\/api.w.org\/{rel}","templated":true}]}}