{"id":305,"date":"2022-06-28T12:08:07","date_gmt":"2022-06-28T10:08:07","guid":{"rendered":"https:\/\/didacsciences.be\/?page_id=305"},"modified":"2024-12-12T21:46:31","modified_gmt":"2024-12-12T20:46:31","slug":"optique-secondaire","status":"publish","type":"page","link":"https:\/\/didacsciences.be\/index.php\/home\/concepts-scientifiques\/optique-secondaire\/","title":{"rendered":"Optique (secondaire)"},"content":{"rendered":"\n<p class=\"has-text-align-right\">Pour citer cette page : Roelants, D. et Dahmouche, H. (2022).\u00a0<em>Optique (secondaire)<\/em>. DidacSciences. https:\/\/didacsciences.be\/.<\/p>\n\n\n\n<h2 class=\"wp-block-heading\">Introduction et balises<\/h2>\n\n\n\n<p class=\"has-text-align-justify\">D\u00e8s l\u2019\u00e9cole maternelle, l\u2019\u00e9l\u00e8ve a d\u00e9velopp\u00e9 des repr\u00e9sentations du monde physique et de ses ph\u00e9nom\u00e8nes notamment de la lumi\u00e8re. En secondaire, les apprentissages se poursuivent.<\/p>\n\n\n\n<p class=\"has-text-align-justify\">La lumi\u00e8re, tout en faisant partie du quotidien des \u00e9l\u00e8ves, est un concept qui pr\u00e9sente une grande complexit\u00e9. \u00c9mise par des sources lumineuses, elle interagit avec des objets sur son passage. Elle poss\u00e8de la propri\u00e9t\u00e9 de se propager de mani\u00e8re rectiligne mais v\u00e9hicule aussi de l\u2019information sur la forme, la couleur ou les dimensions d\u2019un objet (en lien avec la vision). On voit un objet gr\u00e2ce \u00e0 la lumi\u00e8re et, pourtant, on ne voit pas la lumi\u00e8re. Selon <a href=\"https:\/\/www.persee.fr\/doc\/rfp_0556-7807_1980_num_50_1_1711\" target=\"_blank\" rel=\"noreferrer noopener\">Tiberghien (1980)<\/a><a id=\"_ftnref1\" href=\"#_ftn1\"><sup>[1]<\/sup><\/a> cette particularit\u00e9 am\u00e8ne probablement une difficult\u00e9 importante dans la conceptualisation de la lumi\u00e8re. L\u2019objectif sera ainsi de poursuivre chez les \u00e9l\u00e8ves la construction de mod\u00e8les explicatifs sur la lumi\u00e8re et ses ph\u00e9nom\u00e8nes. Plusieurs auteurs (Ravanis, 2012<a id=\"_ftnref2\" href=\"#_ftn2\"><sup>[2]<\/sup><\/a> et 2008<a id=\"_ftnref3\" href=\"#_ftn3\"><sup>[3]<\/sup><\/a>; <a href=\"https:\/\/www.researchgate.net\/publication\/335136948_L'apprentissage_de_la_propagation_rectiligne_de_la_lumiere_par_les_eleves_de_10-11_ans_La_comparaison_de_deux_modeles_d'enseignement\" target=\"_blank\" rel=\"noreferrer noopener\">Castro, 2018<\/a><a id=\"_ftnref4\" href=\"#_ftn4\"><u>[4]<\/u><\/a>) se sont d\u2019ailleurs int\u00e9ress\u00e9s aux interventions didactiques permettant ce passage \u00e0 de nouvelles conceptions compatibles avec le mod\u00e8le scientifique de la lumi\u00e8re de l\u2019optique g\u00e9om\u00e9trique. Vous retrouverez les liens vers leurs articles ci-apr\u00e8s.<\/p>\n\n\n\n<p class=\"has-text-align-justify\">Les premiers mod\u00e8les explicatifs construits \u00e0 l\u2019\u00e9cole l\u2019ont \u00e9t\u00e9 par l\u2019interm\u00e9diaire de l\u2019exploration de la propagation de la lumi\u00e8re (via les ombres) et de sa perception (via les organes des sens). Il s\u2019agissait de construire un mod\u00e8le pr\u00e9curseur pour la formation des ombres int\u00e9grant la reconnaissance de la formation des ombres comme r\u00e9sultat de l\u2019emp\u00eachement de la propagation de la lumi\u00e8re par un obstacle (Dumas-Carr\u00e9<em> et al.<\/em>, 2003<a id=\"_ftnref5\" href=\"#_ftn5\"><sup>[5]<\/sup><\/a>; Ravanis et al., 2005<a id=\"_ftnref6\" href=\"#_ftn6\"><sup>[6]<\/sup><\/a>). Ce mod\u00e8le implique en fait une premi\u00e8re approche de la propri\u00e9t\u00e9 de propagation rectiligne de la lumi\u00e8re. Ravanis (2012)<a id=\"_ftnref7\" href=\"#_ftn7\"><sup>[7]<\/sup><\/a> pr\u00e9cise aussi que la reconnaissance stable de la lumi\u00e8re comme entit\u00e9 ind\u00e9pendante et distincte de la source constitue un pr\u00e9alable \u00e0 tout apprentissage relatif au concept de lumi\u00e8re et notamment ceux touchant \u00e0 la propagation rectiligne de la lumi\u00e8re. Ainsi, par exemple, il constitue un pr\u00e9requis pour l&rsquo;\u00e9tude de la formation des ombres, les ph\u00e9nom\u00e8nes de diffusion, la formation des images par les miroirs ou les lentilles (Resta-Schweitzer &amp; Weil-Barais, 2007<a id=\"_ftnref8\" href=\"#_ftn8\"><sup>[8]<\/sup><\/a>; Dedes &amp; Ravanis, 2009<a id=\"_ftnref9\" href=\"#_ftn9\"><sup>[9]<\/sup><\/a>) ou donc m\u00eame plus largement de l\u2019\u00e9tude de l\u2019<a href=\"https:\/\/didacsciences.be\/index.php\/home\/concepts-scientifiques\/astronomie-secondaire\/\" data-type=\"URL\" data-id=\"https:\/\/didacsciences.be\/index.php\/home\/concepts-scientifiques\/astronomie-secondaire\/\" target=\"_blank\" rel=\"noreferrer noopener\">astronomie<\/a>.<\/p>\n\n\n\n<p class=\"has-text-align-justify\"><a><\/a>Les \u00e9l\u00e8ves du secondaire approchent la lumi\u00e8re par le biais de l\u2019\u00e9tude des ondes. L\u2019\u00e9tude de l&rsquo;\u0153il et les m\u00e9canismes de la vision sont aussi davantage explor\u00e9s en lien avec l\u2019optique g\u00e9om\u00e9trique. Tous ces apprentissages permettent \u00e0 l\u2019\u00e9l\u00e8ve de conceptualiser la lumi\u00e8re.<\/p>\n\n\n\n<p><a><\/a><em>Remarque :<\/em><\/p>\n\n\n\n<p class=\"has-text-align-justify\">Diff\u00e9rents mod\u00e8les scientifiques ont \u00e9t\u00e9 d\u00e9velopp\u00e9s pour \u00e9tudier la lumi\u00e8re. Au niveau de l\u2019enseignement primaire, le mod\u00e8le retenu est celui de l\u2019optique g\u00e9om\u00e9trique. Dans celui-ci, on consid\u00e8re que la lumi\u00e8re se propage de rectiligne, en ligne droite dans un milieu homog\u00e8ne par des rayons lumineux qui peuvent se croiser sans interagir. Pour plus d\u2019information sur l&rsquo;\u00e9volution des mod\u00e8les de la lumi\u00e8re et de l\u2019ombre, le lecteur peut consulter la th\u00e8se d\u2019<a href=\"https:\/\/nemertes.library.upatras.gr\/jspui\/handle\/10889\/15730\" target=\"_blank\" rel=\"noreferrer noopener\">Arnantonaki (2021)<\/a><a id=\"_ftnref10\" href=\"#_ftn10\"><sup>[10]<\/sup><\/a>.<\/p>\n\n\n\n<hr class=\"wp-block-separator has-alpha-channel-opacity\"\/>\n\n\n\n<h2 class=\"wp-block-heading\">Entr\u00e9es faciles<\/h2>\n\n\n\n<p>Morge et Boilevin (2008)<a href=\"#_ftn11\" id=\"_ftnref11\"><sup>[11]<\/sup><\/a> proposent une mod\u00e9lisation des s\u00e9quences d\u2019apprentissage par investigation accompagn\u00e9e d\u2019exemples de s\u00e9quences illustrant la diversit\u00e9 des investigations pouvant \u00eatre men\u00e9es en classe de secondaire. Un s\u00e9quence propos\u00e9e traite des ombres.<\/p>\n\n\n\n<hr class=\"wp-block-separator has-alpha-channel-opacity\"\/>\n\n\n\n<h2 class=\"wp-block-heading\">\u00c9crits scientifiques<\/h2>\n\n\n\n<p class=\"has-text-align-justify\">L\u2019<a href=\"https:\/\/www.persee.fr\/doc\/didas_1250-0739_2006_num_28_1_1193\" target=\"_blank\" rel=\"noreferrer noopener\">article de de Hosson et Kaminski (2006)<\/a> rend compte d\u2019un dispositif d\u2019enseignement du m\u00e9canisme de la vision, inspir\u00e9 de l\u2019histoire de sciences. Il est destin\u00e9 \u00e0 la fin de l\u2019enseignement primaire \/ d\u00e9but du secondaire (P6-S1).<\/p>\n\n\n\n<p class=\"has-text-align-justify\">L\u2019<a href=\"https:\/\/link.springer.com\/article\/10.1007\/s11191-008-9160-8\" target=\"_blank\" rel=\"noreferrer noopener\">article de Dedes et Ravanis (2009)<\/a> \u00e9tudie l\u2019efficacit\u00e9 d\u2019un recours \u00e0 l\u2019histoire des sciences pour l\u2019acc\u00e8s \u00e0 l\u2019optique g\u00e9om\u00e9trique des \u00e9l\u00e8ves de 12-16 ans.<\/p>\n\n\n\n<p class=\"has-text-align-justify\">La <a href=\"https:\/\/www.persee.fr\/doc\/rfp_0556-7807_1980_num_50_1_1711\" target=\"_blank\" rel=\"noreferrer noopener\">recherche de Tibergien(1980)<\/a> s\u2019int\u00e9resse aux conceptions des \u00e9l\u00e8ves \u00e0 propos de la lumi\u00e8re en fin de primaire (9-12 ans).<\/p>\n\n\n\n<hr class=\"wp-block-separator has-alpha-channel-opacity\"\/>\n\n\n\n<h2 class=\"wp-block-heading\">Pistes de r\u00e9flexion pour les TFE et m\u00e9moires<\/h2>\n\n\n\n<p>Voici quelles pistes de r\u00e9flexion pouvant amener \u00e0 un travail de recherche \u00e0 propos de l&rsquo;optique en secondaire :<\/p>\n\n\n\n<ul class=\"wp-block-list\">\n<li>Questionner les exp\u00e9riences pouvant aider les enfants \u00e0 comprendre la nature et les propri\u00e9t\u00e9s de la lumi\u00e8re ;<\/li>\n\n\n\n<li>Investiguer l&rsquo;utilisation de l&rsquo;histoire des sciences dans le cadre d&rsquo;un apprentissage \u00e0 propos de la lumi\u00e8re ;<\/li>\n\n\n\n<li>Questionner les obstacles que rencontrent les enseignants lors d&rsquo;apprentissages \u00e0 propos de ces concepts li\u00e9s \u00e0 la lumi\u00e8re ;<\/li>\n\n\n\n<li>Interroger les liens possibles entre les apprentissages en optique et la nutrition chez les plantes ;<\/li>\n\n\n\n<li>Questionner la fa\u00e7on d&rsquo;amener des apprentissages \u00e0 propos de la lumi\u00e8re au d\u00e9part d&rsquo;applications de la vie courante (panneaux solaires, techniques m\u00e9dicales, fibres optiques, lentilles, etc) ;<\/li>\n\n\n\n<li>etc.<\/li>\n<\/ul>\n\n\n\n<hr class=\"wp-block-separator has-alpha-channel-opacity\"\/>\n\n\n\n<p><a href=\"#_ftnref1\" id=\"_ftn1\"><sup>[1]<\/sup><\/a> Tiberghien, A. (1980). Conception de la lumi\u00e8re chez l&rsquo;enfant de 10-12 ans. <em>Revue fran\u00e7aise de p\u00e9dagogie<\/em>, 24-41.<\/p>\n\n\n\n<p><a href=\"#_ftnref2\" id=\"_ftn2\"><sup>[2]<\/sup><\/a> Ravanis, K. (2012). Repr\u00e9sentations des enfants de 10 ans sur le concept de lumi\u00e8re: perspectives piag\u00e9tiennes. <em>Sch\u00e8me: Revista Eletr\u00f4nica de Psicologia e Epistemologia Gen\u00e9ticas<\/em>, <em>4<\/em>(1), 70-84.<\/p>\n\n\n\n<p><a href=\"#_ftnref3\" id=\"_ftn3\"><sup>[3]<\/sup><\/a> Ravanis, K. (2008). Le concept de lumi\u00e8re: une recherche empirique sur les repr\u00e9sentations des \u00e9l\u00e8ves de 8 ans. <em>Analele \u015etiin\u0163ifice Universit\u0103\u0163ii Cuza: \u015etiin\u0163ele Educa\u0163iei<\/em>, <em>12<\/em>, 147-156.<\/p>\n\n\n\n<p><a href=\"#_ftnref4\" id=\"_ftn4\">[4]<\/a> Castro, D. (2018). L\u2019apprentissage de la propagation rectiligne de la lumi\u00e8re par les \u00e9l\u00e8ves de 10-11 ans. La comparaison de deux mod\u00e8les d\u2019enseignement. <em>European Journal of Education Studies<\/em>. 4 (5).<\/p>\n\n\n\n<p><a href=\"#_ftnref5\" id=\"_ftn5\"><sup>[5]<\/sup><\/a> Dumas-Carre, A., Weil-Barais, A., Ravanis, K., &amp; Shourcheh, F. (2003). Interactions ma\u00eetre-\u00e9l\u00e8ves en cours d&rsquo;activit\u00e9s scientifiques \u00e0 l&rsquo;\u00e9cole maternelle: approche comparative. <em>Bulletin de Psychologie<\/em>, <em>56<\/em>(466), 493-508.<\/p>\n\n\n\n<p><a href=\"#_ftnref6\" id=\"_ftn6\"><sup>[6]<\/sup><\/a> Ravanis, K., Charalampopoulou, C., Boilevin, J. M., &amp; Bagakis, G. (2005). La construction de la formation des ombres dans la pens\u00e9e des enfants de 5-6 ans: proc\u00e9dures didactiques et sociocognitives. <em>Spirale-Revue de recherches en \u00e9ducation<\/em>, <em>36<\/em>(1), 87-98.<\/p>\n\n\n\n<p><a href=\"#_ftnref7\" id=\"_ftn7\"><sup>[7]<\/sup><\/a> Ravanis, K. (2012). Repr\u00e9sentations des enfants de 10 ans sur le concept de lumi\u00e8re: perspectives piag\u00e9tiennes. <em>Sch\u00e8me: Revista Eletr\u00f4nica de Psicologia e Epistemologia Gen\u00e9ticas<\/em>, <em>4<\/em>(1), 70-84.<\/p>\n\n\n\n<p><a href=\"#_ftnref8\" id=\"_ftn8\"><sup>[8]<\/sup><\/a> Resta-Schweitzer, M.&amp; Weil-Barais, A. (2007). \u00c9ducation scientifique et d\u00e9veloppement intellectuel du jeune enfant. <em>Review of Science, Mathematics and ICT Education<\/em>, <em>1<\/em>(1), 63-82.<\/p>\n\n\n\n<p><a href=\"#_ftnref9\" id=\"_ftn9\"><sup>[9]<\/sup><\/a> Dedes, C., &amp; Ravanis, K. (2009). Teaching image formation by extended light sources: The use of a model derived from the history of science. <em>Research in Science Education<\/em>, <em>39<\/em>(1), 57-73.<\/p>\n\n\n\n<p><a href=\"#_ftnref10\" id=\"_ftn10\"><sup>[10]<\/sup><\/a>&nbsp; Arnantonaki, D. (2021). \u00c9tude de l&rsquo;appropriation de mod\u00e8les pr\u00e9curseurs par des enseignants pour une \u00e9ducation scientifique en grande section d&rsquo;\u00e9cole maternelle: le cas de la lumi\u00e8re et de l&rsquo;ombre (th\u00e8se de doctorat). Universit\u00e9 de Bretagne occidentale et Universit\u00e9 de Patras.<\/p>\n\n\n\n<p><a href=\"#_ftnref11\" id=\"_ftn11\"><sup>[11]<\/sup><\/a> Morge, L. et Boilevin, J.-M. (Dir.). (2008). <em>S\u00e9quences d\u2019investigation en physique-chimie. Coll\u00e8ge, Lyc\u00e9e<\/em>. CRDP-Sc\u00e9ren.<\/p>\n","protected":false},"excerpt":{"rendered":"<p>Pour citer cette page : Roelants, D. et Dahmouche, H. (2022).\u00a0Optique (secondaire). DidacSciences. https:\/\/didacsciences.be\/. Introduction et balises D\u00e8s l\u2019\u00e9cole maternelle, l\u2019\u00e9l\u00e8ve a d\u00e9velopp\u00e9 des repr\u00e9sentations du monde physique et de ses ph\u00e9nom\u00e8nes notamment de la lumi\u00e8re. En secondaire, les apprentissages se poursuivent. La lumi\u00e8re, tout en faisant partie du quotidien des \u00e9l\u00e8ves, est un concept [&hellip;]<\/p>\n","protected":false},"author":1,"featured_media":0,"parent":119,"menu_order":0,"comment_status":"closed","ping_status":"closed","template":"","meta":{"saved_in_kubio":false,"footnotes":""},"class_list":["post-305","page","type-page","status-publish","hentry"],"kubio_ai_page_context":{"short_desc":"","purpose":"general"},"jetpack_sharing_enabled":true,"_links":{"self":[{"href":"https:\/\/didacsciences.be\/index.php\/wp-json\/wp\/v2\/pages\/305","targetHints":{"allow":["GET"]}}],"collection":[{"href":"https:\/\/didacsciences.be\/index.php\/wp-json\/wp\/v2\/pages"}],"about":[{"href":"https:\/\/didacsciences.be\/index.php\/wp-json\/wp\/v2\/types\/page"}],"author":[{"embeddable":true,"href":"https:\/\/didacsciences.be\/index.php\/wp-json\/wp\/v2\/users\/1"}],"replies":[{"embeddable":true,"href":"https:\/\/didacsciences.be\/index.php\/wp-json\/wp\/v2\/comments?post=305"}],"version-history":[{"count":11,"href":"https:\/\/didacsciences.be\/index.php\/wp-json\/wp\/v2\/pages\/305\/revisions"}],"predecessor-version":[{"id":1167,"href":"https:\/\/didacsciences.be\/index.php\/wp-json\/wp\/v2\/pages\/305\/revisions\/1167"}],"up":[{"embeddable":true,"href":"https:\/\/didacsciences.be\/index.php\/wp-json\/wp\/v2\/pages\/119"}],"wp:attachment":[{"href":"https:\/\/didacsciences.be\/index.php\/wp-json\/wp\/v2\/media?parent=305"}],"curies":[{"name":"wp","href":"https:\/\/api.w.org\/{rel}","templated":true}]}}