{"id":326,"date":"2022-06-28T12:57:46","date_gmt":"2022-06-28T10:57:46","guid":{"rendered":"https:\/\/didacsciences.be\/?page_id=326"},"modified":"2024-12-17T15:45:37","modified_gmt":"2024-12-17T14:45:37","slug":"concept-de-vie-maternel","status":"publish","type":"page","link":"https:\/\/didacsciences.be\/index.php\/home\/concepts-scientifiques\/concept-de-vie-maternel\/","title":{"rendered":"Concept de vie (maternel)"},"content":{"rendered":"\n<p class=\"has-text-align-right\">Pour citer cette page : Roelants, D. et Dahmouche, H. (2022).&nbsp;<em>Concept de vie (maternel)<\/em>. DidacSciences. https:\/\/didacsciences.be\/.<\/p>\n\n\n\n<h2 class=\"wp-block-heading\">Introduction<\/h2>\n\n\n\n<p class=\"has-text-align-justify\">L\u2019\u00e9cole maternelle est un lieu d\u2019exploration de l\u2019environnement proche de l\u2019\u00e9l\u00e8ve. Les enseignants proposent ainsi r\u00e9guli\u00e8rement des activit\u00e9s autour des plantes et des animaux. Celles-ci permettent aux \u00e9l\u00e8ves <strong>d&rsquo;identifier certaines caract\u00e9ristiques du vivant<\/strong> (comme la croissance) et de <strong>comprendre certaines distinctions entre le vivant et le non vivant<\/strong> (<a href=\"https:\/\/www.shs-conferences.org\/articles\/shsconf\/pdf\/2015\/08\/shsconf_vv2015_03003.pdf\" target=\"_blank\" rel=\"noreferrer noopener\">Charles, 2015<\/a>). Les activit\u00e9s autour du vivant constituent ainsi un premier r\u00e9f\u00e9rent empirique (Coquid\u00e9 et Lebeaume, 2003<a id=\"_ftnref1\" href=\"#_ftn1\"><sup>[1]<\/sup><\/a>) mais aussi un premier niveau de conceptualisation du vivant.<\/p>\n\n\n\n<p><em>Quelle d\u00e9finition du vivant en maternelle ?<\/em><\/p>\n\n\n\n<p class=\"has-text-align-justify\">Il n\u2019existe aujourd\u2019hui pas de d\u00e9finition unique et consensuelle du vivant dans la communaut\u00e9 scientifique (<a href=\"https:\/\/d1wqtxts1xzle7.cloudfront.net\/65345662\/Kostyrka_2014_PPB_Definir_la_vie_en_biologie-with-cover-page-v2.pdf?Expires=1655894260&amp;Signature=fEsinSAG4pMKg1Z5g5JRqkFa7t8tUvISHaeP3n4DwEAjaOrfveySKWim-AYH2H8z3FVp4YLsEwkVu8HK3euTcYanZoKfIXlHMeH26wHo9aIYy~N4hHCQfJJq7vIOy2rcLO-V~ZxdHbMZTsaP2fFkssjcNB~3Xv2JdxQOKsxI3Nb~ULYXpOMqHnHE5gYCDqyZzmW2qtAPSejHfUyVblJToWcrsl2ztEh4WcMKg~k2yQj6oVaFAHzkAU5hv9uiJ7IqaNTjFh1G7LX-VKz3XlhlCogK0YCTxyNBaAat~bkOLiVaN4fsISwpquBPqyver9EF2alSPGftVe2b-etwYMHepQ__&amp;Key-Pair-Id=APKAJLOHF5GGSLRBV4ZA\" target=\"_blank\" rel=\"noreferrer noopener\">Kostyrka, 2014<\/a><a id=\"_ftnref2\" href=\"#_ftn2\"><sup>[2]<\/sup><\/a>). Dans leur article, <a href=\"https:\/\/hal.archives-ouvertes.fr\/hal-02555493\/document\" target=\"_blank\" rel=\"noreferrer noopener\">Granger, Lhoste et Schneeberger (2015)<\/a><a id=\"_ftnref3\" href=\"#_ftn3\"><sup>[3]<\/sup><\/a> proposent d\u2019amener une d\u00e9finition du vivant consistant \u00e0 d\u00e9limiter les propri\u00e9t\u00e9s communes des \u00eatres vivants (leur unit\u00e9) tout en montrant leur diversit\u00e9 (manifestations diverses de ces propri\u00e9t\u00e9s). Ils am\u00e8nent des pistes pour l&rsquo;apprentissage et pr\u00e9cisent les objectifs qui y sont li\u00e9s. Guichard et Deunff (2001)<a id=\"_ftnref4\" href=\"#_ftn4\"><sup>[4]<\/sup><\/a> reprennent une d\u00e9finition du vivant en pr\u00e9cisant diff\u00e9rentes caract\u00e9ristiques et notamment la reproduction : \u201c<em>Tout \u00eatre vivant provient d\u2019un \u00eatre vivant et est situ\u00e9 dans le temps \u00bb<\/em>. Le lecteur trouvera dans cet article les informations utiles autour de cette question.<\/p>\n\n\n\n<p class=\"has-text-align-justify\">Certaines notions li\u00e9es \u00e0 la biologie cellulaire ou mol\u00e9culaire n\u2019\u00e9tant pas accessibles, la d\u00e9finition retenue pour le vivant \u00e0 l\u2019\u00e9cole maternelle pr\u00e9sente bien \u00e9videmment des diff\u00e9rences avec celle des scientifiques. N\u00e9anmoins les savoirs vis\u00e9s sont toutefois compatibles avec les savoirs scientifiques actuels du vivant. L\u2019intention \u00e9tant bien de construire chez l\u2019\u00e9l\u00e8ve un autre rapport au vivant que celui du quotidien. C\u2019est ce \u201cnouveau\u201d rapport au monde qui fera entrer l\u2019\u00e9l\u00e8ve dans la <strong>culture scientifique<\/strong> (<a href=\"http:\/\/ife.ens-lyon.fr\/publications\/edition-electronique\/aster\/RA031.pdf\" target=\"_blank\" rel=\"noreferrer noopener\">Orange et Pl\u00e9, 2010<\/a><a id=\"_ftnref5\" href=\"#_ftn5\"><sup>[5]<\/sup><\/a>). En maternelle, les \u00e9l\u00e8ves peuvent ainsi \u00eatre amen\u00e9s \u00e0 s\u2019interroger sur la croissance (ex : en effectuant des mesures au cours du temps sur les animaux et les plantes), la reproduction (ex : en suivant le cycle de vie d\u2019un animal ou d\u2019une plante), la r\u00e9ponse \u00e0 un stimulus (ex : en exp\u00e9rimentant les r\u00e9actions de plantes ou animaux \u00e0 certaines conditions du milieu, l\u2019utilisation de l\u2019\u00e9nergie (ex : en s&rsquo;int\u00e9ressant \u00e0 l\u2019alimentation des animaux ou aux besoins des plantes).<\/p>\n\n\n\n<p><em>Quels obstacles ?<\/em><\/p>\n\n\n\n<p class=\"has-text-align-justify\">La d\u00e9couverte du vivant par les jeunes \u00e9l\u00e8ves n\u2019est toutefois pas sans difficult\u00e9s. Diff\u00e9rents obstacles sont relat\u00e9s dans la litt\u00e9rature comme l\u2019animisme (consiste \u00e0 attribuer des intentions et \u00e9tats d\u2019\u00e2me aux objets non vivants), le dynamisme (revient \u00e0 attribuer la vie \u00e0 ce qui est dot\u00e9 de mouvement), l\u2019anthropomorphisme (revient \u00e0 associer au vivant des des caract\u00e9ristiques anthropomorphiques), etc. \u00c9tant donn\u00e9 que ces repr\u00e9sentations constituent des obstacles \u00e0 la construction d\u2019une conception scientifique du vivant, l\u2019enseignant est invit\u00e9 \u00e0 s\u2019y int\u00e9resser. Ces modes de pens\u00e9e font \u00e9cho aux conceptions historiques du vivant, en particulier ceux d\u2019Aristote et de Descartes). Pour en savoir plus, nous vous renvoyons vers la th\u00e8se de <a href=\"https:\/\/tel.archives-ouvertes.fr\/file\/index\/docid\/268883\/filename\/Dellangelo2007.pdf\" target=\"_blank\" rel=\"noreferrer noopener\">Dell\u2019Angelo-Sauvage (2008)<\/a><a id=\"_ftnref6\" href=\"#_ftn6\"><sup>[6]<\/sup><\/a> ou encore vers l\u2019article de <a href=\"https:\/\/hal.archives-ouvertes.fr\/hal-01234663\/document\" target=\"_blank\" rel=\"noreferrer noopener\">Rolland et Marzin (1996)<\/a>.<\/p>\n\n\n\n<p class=\"has-text-align-justify\">Pour aider l\u2019\u00e9l\u00e8ve \u00e0 d\u00e9passer ces obstacles fr\u00e9quents, l\u2019article de <a href=\"https:\/\/www.persee.fr\/doc\/didas_1250-0739_1996_num_9_1_1269\" target=\"_blank\" rel=\"noreferrer noopener\">Nury, Lamarque et Caron (1996)<\/a><a id=\"_ftnref7\" href=\"#_ftn7\"><sup>[7]<\/sup><\/a> sugg\u00e8rent toute une s\u00e9rie de pistes comme celles de mettre l\u2019\u00e9l\u00e8ve au contact de\/d\u2019 :<\/p>\n\n\n\n<ul class=\"wp-block-list\">\n<li>animaux connus aux mouvements visibles (grillon, hamster, moutons, poisson, humain) et des animaux aux mouvements moins rep\u00e9rables (escargot, papillon) ;<\/li>\n\n\n\n<li>des v\u00e9g\u00e9taux non douteux (arbre avec feuilles, plante en pot), des v\u00e9g\u00e9taux complets douteux (arbre sans feuilles), des fragments de v\u00e9g\u00e9tal (feuille isol\u00e9e, fleur coup\u00e9e) ;<\/li>\n\n\n\n<li>vivants \u00e0 vie ralentie (graine de haricot, \u0153uf de poule) ;<\/li>\n\n\n\n<li>\u00e9l\u00e9ments naturels dot\u00e9s de mouvement (eau calme, cascade, nuages) ;<\/li>\n\n\n\n<li>objets m\u00e9caniques dot\u00e9s de mouvement (jouet m\u00e9canique, montres).<\/li>\n<\/ul>\n\n\n\n<p class=\"has-text-align-justify\">La derni\u00e8re proposition n\u2019est pas anodine et permet notamment de diff\u00e9rencier \u201cmouvement autonome\u201d de \u201cmouvement provoqu\u00e9\u201d (par un m\u00e9canisme par exemple) souvent confondus chez les jeunes \u00e9l\u00e8ves. Cela permet d\u2019amener progressivement l\u2019\u00e9l\u00e8ve \u00e0 questionner le crit\u00e8re \u201cmouvement\u201d pour reconna\u00eetre le vivant.<\/p>\n\n\n\n<p><em>Quelles approches privil\u00e9gier ?<\/em><\/p>\n\n\n\n<p class=\"has-text-align-justify\">Pour y parvenir, l\u2019enseignant peut mettre en place deux types d\u2019activit\u00e9s. Les moments de \u201c<strong>familiarisation pratique<\/strong>\u201d au d\u00e9part d\u2019\u00e9levage, de semis, de plantations ou encore de sorties (cour de l\u2019\u00e9cole, bois, bords de mer, parcs, mus\u00e9es, etc) permettent une rencontre du vivant et de sa diversit\u00e9. Ces temps constitueront un r\u00e9f\u00e9rent empirique. L\u2019enseignant joue un r\u00f4le important en amenant les \u00e9l\u00e8ves \u00e0 explorer et \u00e0 s\u2019interroger sur ce vivant. Il va ensuite amener les \u00e9l\u00e8ves \u00e0 passer \u00e0 des formes d&rsquo;investigation plus \u00ab\u00a0scientifiques\u00a0\u00bb. Des premi\u00e8res<strong> activit\u00e9s de conceptualisation<\/strong>, plus dirig\u00e9es, sont ainsi men\u00e9es. Elles permettent aux \u00e9l\u00e8ves d\u2019\u00e9laborer des premiers concepts et mod\u00e8les du vivant, incluant n\u00e9cessairement des comparaisons avec l\u2019humain. Cette articulation entre registre empirique et registre des th\u00e9ories et des mod\u00e8les est un \u00e9l\u00e9ment important des apprentissages scientifiques (Lhoste, 2017; Orange, 2012).<\/p>\n\n\n\n<p class=\"has-text-align-justify\">Il est important que les vivants abord\u00e9s en classe fassent partie de <strong>l\u2019environnement proche<\/strong> des \u00e9l\u00e8ves et soient rencontr\u00e9s dans le <strong>cadre scolaire<\/strong> (observ\u00e9s lors d\u2019une sortie de classe, introduits en classe,&nbsp; etc) de mani\u00e8re \u00e0 cr\u00e9er un <strong>v\u00e9cu commun<\/strong> \u00e0 tous les \u00e9l\u00e8ves. Ceci est d\u2019autant plus essentiel pour les \u00e9l\u00e8ves issus de milieux d\u00e9favoris\u00e9s qui trouvent l\u00e0 de multiples possibilit\u00e9s d\u2019exercer leur sensibilit\u00e9, leur r\u00e9flexion mais aussi de d\u00e9velopper un langage plus \u00e9labor\u00e9 (Mettoudi, 2011<a href=\"#_ftn8\" id=\"_ftnref8\"><sup>[8]<\/sup><\/a>). Ces rencontres sont aussi importantes pour les \u00e9l\u00e8ves citadins qui c\u00f4toient des animaux domestiques et des plantes en pots (Dell-Angelo-Sauvage, 2007<a href=\"#_ftn9\" id=\"_ftnref9\"><sup>[9]<\/sup><\/a>). Diversifier ces rencontres (\u00eatres vivants et types d\u2019approches) am\u00e8ne une meilleure conceptualisation du vivant.<\/p>\n\n\n\n<p><em>Quelles vis\u00e9es ?<\/em><\/p>\n\n\n\n<p class=\"has-text-align-justify\">La multiplicit\u00e9 des rencontres va permettre d\u2019approcher les \u00eatres vivants, de les nommer, de les caract\u00e9riser. Cela constitue un socle d\u2019apprentissages pour le primaire. Ainsi, par exemple, chercher d\u00e8s la maternelle \u00e0 faire percevoir les points communs entre les \u00eatres vivants permettra d\u2019aborder en primaire la classification scientifique des vivants bas\u00e9e sur les liens de parent\u00e9.<\/p>\n\n\n\n<p class=\"has-text-align-justify\">Enfin, les vivants offrent des situations privil\u00e9gi\u00e9es et sp\u00e9cifiques pour le d\u00e9veloppement des comp\u00e9tences langagi\u00e8res \u00e0 l\u2019\u00e9crit comme \u00e0 l\u2019oral. Pour en savoir plus sur le langage et les sciences, vous pouvez consulter la page \u201c<a href=\"https:\/\/didacsciences.be\/index.php\/home\/concepts-didactiques\/langage\/\" data-type=\"URL\" data-id=\"https:\/\/didacsciences.be\/index.php\/home\/concepts-didactiques\/langage\/\" target=\"_blank\" rel=\"noreferrer noopener\">Langage<\/a>\u201d.<\/p>\n\n\n\n<hr class=\"wp-block-separator has-alpha-channel-opacity\"\/>\n\n\n\n<h2 class=\"wp-block-heading\">Entr\u00e9es faciles<\/h2>\n\n\n\n<p class=\"has-text-align-justify\">Dans son chapitre consacr\u00e9 aux savoirs scientifiques en jeu \u00e0 l\u2019\u00e9cole maternelle, Coquid\u00e9-Cantor et Giordan (2002)<a href=\"#_ftn10\" id=\"_ftnref10\"><sup>[10]<\/sup><\/a> revient sur les conceptions des \u00e9l\u00e8ves \u00e0 propos du vivant et propose des pistes d\u2019investigation concr\u00e8tes \u00e0 mettre en \u0153uvre en petite, moyenne et grande sections.<\/p>\n\n\n\n<p class=\"has-text-align-justify\">\u201cLa d\u00e9couverte du monde vivant de la maternelle au CM2\u201d de Tavernier (2002)<a href=\"#_ftn11\" id=\"_ftnref11\"><sup>[11]<\/sup><\/a> est un guide pratique \u00e0 destination des enseignants du maternel et du primaire dans lequel sont repris des suggestions d\u2019activit\u00e9s, des pistes pratiques et des conseils m\u00e9thodologiques pour la d\u00e9couverte du monde vivant, avec une place importante accord\u00e9e aux \u00e9levages et aux observations du r\u00e9el.<\/p>\n\n\n\n<p class=\"has-text-align-justify\">L\u2019ouvrage de Mettoudi (2011)<a href=\"#_ftn12\" id=\"_ftnref12\"><sup>[12]<\/sup><\/a> consacre un chapitre sur la d\u00e9couverte du monde vivant. L\u2019auteure y d\u00e9veloppe les enjeux et le type d\u2019activit\u00e9s \u00e0 privil\u00e9gier \u00e0 la fois pour les plantes et les animaux (y compris l\u2019humain).<\/p>\n\n\n\n<p class=\"has-text-align-justify\">L\u2019ouvrage de Sandrin-Bui (2021)<a href=\"#_ftn13\" id=\"_ftnref13\"><sup>[13]<\/sup><\/a> aborde des questions autour de l\u2019enseignement du vivant dans le cadre de l\u2019\u00e9cole inclusive. Les questions g\u00e9n\u00e9rales sont accompagn\u00e9es de pistes d\u2019activit\u00e9s concr\u00e8tes.<\/p>\n\n\n\n<p>La <a href=\"https:\/\/journals.openedition.org\/reperes\/762\">contribution de Jaubert, Rebi\u00e8re et Guillou-K\u00e9r\u00e9dan (2014)<\/a> s\u2019int\u00e9resse aux processus mis en \u0153uvre par des \u00e9l\u00e8ves de maternelle (petite section, France) pour affronter un document informatif lors d\u2019une activit\u00e9 li\u00e9e \u00e0 un \u00e9levage d\u2019escargots.<\/p>\n\n\n\n<hr class=\"wp-block-separator has-alpha-channel-opacity\"\/>\n\n\n\n<h2 class=\"wp-block-heading\">\u00c9crits scientifiques<\/h2>\n\n\n\n<p class=\"has-text-align-justify\">A propos du concept du vivant\/non vivant, la recherche de <a rel=\"noreferrer noopener\" href=\"https:\/\/www.persee.fr\/doc\/didas_1250-0739_1996_num_9_1_1269\" target=\"_blank\">Nury et al. (1996)<\/a> s\u2019int\u00e9resse aux repr\u00e9sentations des \u00e9l\u00e8ves de CP (5-6 ans) et aux actions p\u00e9dagogiques permettant de les faire \u00e9voluer vers des modes de pens\u00e9e plus scientifiques. L\u2019article pr\u00e9sente notamment une analyse des obstacles identifi\u00e9s chez ces \u00e9l\u00e8ves.<\/p>\n\n\n\n<p class=\"has-text-align-justify\">La <a href=\"https:\/\/folia.unifr.ch\/unifr\/documents\/312758\" target=\"_blank\" rel=\"noreferrer noopener\">recherche de Roy et Marlot (2008)<\/a> questionne le r\u00f4le de l\u2019habillage d\u2019une situation probl\u00e9matisante choisie par l&rsquo;enseignant en lien avec la caract\u00e9risation du vivant. Les auteurs montrent que son influence sur la probl\u00e9matisation et la conceptualisation des apprentissages chez des \u00e9l\u00e8ves de 4 \u00e0 7 ans. Cet article est en lien avec les travaux sur les in\u00e9galit\u00e9s scolaires de Bautier et Rochex (2004).<\/p>\n\n\n\n<p class=\"has-text-align-justify\"><a href=\"https:\/\/www.shs-conferences.org\/articles\/shsconf\/pdf\/2015\/08\/shsconf_vv2015_03003.pdf\" target=\"_blank\" rel=\"noreferrer noopener\">Charles (2015)<\/a><a id=\"_ftnref14\" href=\"#_ftn14\"><sup>[14]<\/sup><\/a>&nbsp; propose dans sa recherche de d\u00e9crire et analyser les pratiques des enseignants de l\u2019\u00e9cole maternelle lors rencontres entre les \u00e9l\u00e8ves et le vivant. L\u2019auteur caract\u00e9rise ces rencontres et met en \u00e9vidence les les contenus pris en charge par les enseignants, les t\u00e2ches associ\u00e9es des \u00e9l\u00e8ves et leurs vis\u00e9es \u00e9ducatives.<\/p>\n\n\n\n<p class=\"has-text-align-justify\">L\u2019article de <a href=\"https:\/\/www.researchgate.net\/profile\/Yann-Lhoste\/publication\/285701896_Vers_la_caracterisation_des_processus_d'acculturation_scientifique_a_l'ecole_primaire_Analyse_de_situations_en_classe_de_CP_portant_sur_la_construction_scientifique_du_vivant\/links\/5662b38808ae192bbf8ebb35\/Vers-la-caracterisation-des-processus-dacculturation-scientifique-a-lecole-primaire-Analyse-de-situations-en-classe-de-CP-portant-sur-la-construction-scientifique-du-vivant.pdf\" target=\"_blank\" rel=\"noreferrer noopener\">Granger et al. (2015)<\/a> pr\u00e9sente une analyse des pratiques scientifiques dans le cadre de situations d\u2019enseignement-apprentissage autour du vivant avec des \u00e9l\u00e8ves de CP (5-6 ans). Les auteurs questionnent notamment le r\u00f4le d\u2019activit\u00e9s telles que le d\u00e9bat, l\u2019observation et l\u2019exp\u00e9rimentation dans le processus d\u2019acculturation scientifique.<\/p>\n\n\n\n<p class=\"has-text-align-justify\">Dans cet autre article, les m\u00eames auteurs (<a href=\"https:\/\/hal.archives-ouvertes.fr\/hal-02555493\/\" target=\"_blank\" rel=\"noreferrer noopener\">Grancher et al., 2015<\/a>) abordent les d\u00e9marches permettant aux \u00e9l\u00e8ves de 5 \u00e0 7 ans (CP-CE1) de construire une conception scientifique du vivant. Les auteurs y proposent un \u00e9clairage sur les contenus \u00e0 enseigner et sur les enjeux de telles d\u00e9marches, notamment leur r\u00f4le dans le processus d\u2019acculturation scientifique.<\/p>\n\n\n\n<p class=\"has-text-align-justify\">Dans leur communication, <a href=\"https:\/\/orfee.hepl.ch\/bitstream\/handle\/20.500.12162\/1588\/Roy_Marlot.pdf?sequence=1&amp;isAllowed=y\" target=\"_blank\" rel=\"noreferrer noopener\">Roy et Marlot (2018)<\/a> comparent deux situations propos\u00e9es \u00e0 des \u00e9l\u00e8ves de 4-5 ans dans le but d\u2019appr\u00e9hender la distinction vivant\/non vivant par la comparaison de la fonction de croissance chez l\u2019humain et chez les plantes.<\/p>\n\n\n\n<hr class=\"wp-block-separator has-alpha-channel-opacity\"\/>\n\n\n\n<h2 class=\"wp-block-heading\">Pistes de r\u00e9flexion pour les TFE et m\u00e9moires<\/h2>\n\n\n\n<p>S&rsquo;int\u00e9resser au concept de vie \u00e0 l&rsquo;\u00e9cole maternelle, c&rsquo;est par exemple :<\/p>\n\n\n\n<ul class=\"wp-block-list\">\n<li>s&rsquo;interroger sur les conceptions des \u00e9l\u00e8ves et sur la mani\u00e8re de les faire \u00e9voluer ;<\/li>\n\n\n\n<li>questionner les pratiques de classe ;<\/li>\n\n\n\n<li>s&rsquo;int\u00e9resser aux obstacles \u00e0 l&rsquo;apprentissage ;<\/li>\n\n\n\n<li>se pencher sur les vis\u00e9es et\/ou les enjeux d&rsquo;un tel apprentissage avec des tout petits ;<\/li>\n\n\n\n<li>interroger les outils soutenant un tel apprentissage ;<\/li>\n\n\n\n<li>questionner le r\u00f4le de l&rsquo;observation directe des v\u00e9g\u00e9taux et animaux sur cet apprentissage ;<\/li>\n\n\n\n<li>se pencher sur le r\u00f4le des albums de jeunesse et\/ou des documentaires employ\u00e9s en classe ;<\/li>\n\n\n\n<li>etc.<\/li>\n<\/ul>\n\n\n\n<hr class=\"wp-block-separator has-alpha-channel-opacity\"\/>\n\n\n\n<p><a href=\"#_ftnref1\" id=\"_ftn1\"><sup>[1]<\/sup><\/a> Coquid\u00e9, M., &amp; Lebeaume, J. (2003). <em>D\u00e9couverte de la nature et des objets \u00e0 l&rsquo;\u00e9cole \u00e9l\u00e9mentaire: hier et aujourd&rsquo;hui<\/em>. Sp\u00e9cial Grand N, \u00c0 l&rsquo;\u00e9cole des sciences, 1, 7-15.<\/p>\n\n\n\n<p><a href=\"#_ftnref2\" id=\"_ftn2\"><sup>[2]<\/sup><\/a> Kostyrka, G. (2014). D\u00e9finir la vie en biologie: trois probl\u00e8mes. <em>Pr\u00e9cis de philosophie de la biologie<\/em>, 185-196.<\/p>\n\n\n\n<p><a href=\"#_ftnref3\" id=\"_ftn3\"><sup>[3]<\/sup><\/a> Grancher, C., Lhoste, Y., &amp; Schneeberger, P. (2015). Construire une conception scientifique du vivant avec des \u00e9l\u00e8ves de 5-7 ans. Approche didactique pour mieux comprendre les processus d\u2019apprentissage et les enjeux d\u00e9veloppementaux. SHS Web of Conferences.<\/p>\n\n\n\n<p><a href=\"#_ftnref4\" id=\"_ftn4\"><sup>[4]<\/sup><\/a> Guichard J. &amp; Deunff J. (2001).<em> Comprendre le vivant : la biologie \u00e0 l\u2019\u00e9cole<\/em>. Paris : Hachette.<\/p>\n\n\n\n<p><a href=\"#_ftnref5\" id=\"_ftn5\"><sup>[5]<\/sup><\/a> Orange, O. et Pl\u00e9, E. (2000). <em>Les sciences de 2 \u00e0 10 ans, l\u2019entr\u00e9e dans la culture scientifique<\/em>, Aster 31, 1-8.<\/p>\n\n\n\n<p><a href=\"#_ftnref6\" id=\"_ftn6\"><sup>[6]<\/sup><\/a> Dell&rsquo;Angelo-Sauvage, M. (2008). \u00c9l\u00e9ments de caract\u00e9risation du rapport au vivant chez des \u00e9l\u00e8ves de 10-12 ans. <em>Didaskalia<\/em>, <em>33<\/em>(1), 7-32.<\/p>\n\n\n\n<p><a href=\"#_ftnref7\" id=\"_ftn7\"><sup>[7]<\/sup><\/a> Nury, D., Lamarque, J., &amp; Caron, P. (1996). Essai de caract\u00e9risation des repr\u00e9sentations du vivant chez des \u00e9l\u00e8ves du cours pr\u00e9paratoire. Didaskalia, 9, 157-172.<\/p>\n\n\n\n<p><a href=\"#_ftnref8\" id=\"_ftn8\"><sup>[8]<\/sup><\/a> Mettoudi, C. (2011). <em>Comment enseigner en&#8230; maternelle: la d\u00e9couverte du monde: un v\u00e9ritable accompagnement p\u00e9dagogique<\/em>. Hachette \u00e9ducation.<\/p>\n\n\n\n<p><a href=\"#_ftnref9\" id=\"_ftn9\"><sup>[9]<\/sup><\/a> Dell&rsquo;Angelo-Sauvage, M. (2007). <em>De l&rsquo;\u00e9cole au coll\u00e8ge, le rapport au vivant d&rsquo;\u00e9l\u00e8ves de 10 \u00e0 12 ans: en quoi les enseignements de SVT en 6\u00e8me font-ils \u00e9voluer le rapport au vivant des \u00e9l\u00e8ves?<\/em> (Doctoral dissertation, \u00c9cole normale sup\u00e9rieure de Cachan-ENS Cachan).<\/p>\n\n\n\n<p><a href=\"#_ftnref10\" id=\"_ftn10\"><sup>[10]<\/sup><\/a> Coquid\u00e9-Cantor, M., Giordan, A., &amp; Fihey, J. (2002). <em>L&rsquo;Enseignement scientifique et technique \u00e0 l&rsquo;\u00e9cole maternelle<\/em>. Delagrave \u00e9dition. pp.167-173.<\/p>\n\n\n\n<p><a href=\"#_ftnref11\" id=\"_ftn11\"><sup>[11]<\/sup><\/a> Tavernier, R. (2002). <em>La d\u00e9couverte du monde vivant de la maternelle au CM2\u201d<\/em>, Editions Bordas.<\/p>\n\n\n\n<p><a href=\"#_ftnref12\" id=\"_ftn12\"><sup>[12]<\/sup><\/a> Guichard J. &amp; Deunff J. (2001).<em> Comprendre le vivant : la biologie \u00e0 l\u2019\u00e9cole<\/em>. Paris : Hachette.<\/p>\n\n\n\n<p><a href=\"#_ftnref13\" id=\"_ftn13\"><sup>[13]<\/sup><\/a> Sandrin-Brui, M.-A. (2021). <em>Enseigner le vivant \u00e0 l\u2019\u00e9cole, cycles 1, 2 et 3, \u00e9l\u00e8ves malades et\/ou en situation de handicap<\/em>. Broch\u00e9.<\/p>\n\n\n\n<p><a href=\"#_ftnref14\" id=\"_ftn14\"><sup>[14]<\/sup><\/a> Charles, F. (2015). Les rencontres des enfants avec le vivant \u00e0 l\u2019\u00e9cole maternelle. In <em>SHS Web of Conferences<\/em> (Vol. 21, p. 03003). EDP Sciences.<\/p>\n","protected":false},"excerpt":{"rendered":"<p>Pour citer cette page : Roelants, D. et Dahmouche, H. (2022).&nbsp;Concept de vie (maternel). DidacSciences. https:\/\/didacsciences.be\/. Introduction L\u2019\u00e9cole maternelle est un lieu d\u2019exploration de l\u2019environnement proche de l\u2019\u00e9l\u00e8ve. Les enseignants proposent ainsi r\u00e9guli\u00e8rement des activit\u00e9s autour des plantes et des animaux. Celles-ci permettent aux \u00e9l\u00e8ves d&rsquo;identifier certaines caract\u00e9ristiques du vivant (comme la croissance) et de [&hellip;]<\/p>\n","protected":false},"author":1,"featured_media":0,"parent":119,"menu_order":0,"comment_status":"closed","ping_status":"closed","template":"","meta":{"saved_in_kubio":false,"footnotes":""},"class_list":["post-326","page","type-page","status-publish","hentry"],"kubio_ai_page_context":{"short_desc":"","purpose":"general"},"jetpack_sharing_enabled":true,"_links":{"self":[{"href":"https:\/\/didacsciences.be\/index.php\/wp-json\/wp\/v2\/pages\/326","targetHints":{"allow":["GET"]}}],"collection":[{"href":"https:\/\/didacsciences.be\/index.php\/wp-json\/wp\/v2\/pages"}],"about":[{"href":"https:\/\/didacsciences.be\/index.php\/wp-json\/wp\/v2\/types\/page"}],"author":[{"embeddable":true,"href":"https:\/\/didacsciences.be\/index.php\/wp-json\/wp\/v2\/users\/1"}],"replies":[{"embeddable":true,"href":"https:\/\/didacsciences.be\/index.php\/wp-json\/wp\/v2\/comments?post=326"}],"version-history":[{"count":9,"href":"https:\/\/didacsciences.be\/index.php\/wp-json\/wp\/v2\/pages\/326\/revisions"}],"predecessor-version":[{"id":1197,"href":"https:\/\/didacsciences.be\/index.php\/wp-json\/wp\/v2\/pages\/326\/revisions\/1197"}],"up":[{"embeddable":true,"href":"https:\/\/didacsciences.be\/index.php\/wp-json\/wp\/v2\/pages\/119"}],"wp:attachment":[{"href":"https:\/\/didacsciences.be\/index.php\/wp-json\/wp\/v2\/media?parent=326"}],"curies":[{"name":"wp","href":"https:\/\/api.w.org\/{rel}","templated":true}]}}