{"id":334,"date":"2022-06-28T13:21:51","date_gmt":"2022-06-28T11:21:51","guid":{"rendered":"https:\/\/didacsciences.be\/?page_id=334"},"modified":"2024-12-12T21:33:47","modified_gmt":"2024-12-12T20:33:47","slug":"concept-de-vie-secondaire","status":"publish","type":"page","link":"https:\/\/didacsciences.be\/index.php\/home\/concepts-scientifiques\/concept-de-vie-secondaire\/","title":{"rendered":"Concept de vie (secondaire)"},"content":{"rendered":"\n<p class=\"has-text-align-right\">Pour citer cette page : Roelants, D. et Dahmouche, H. (2022).\u00a0<em>Concept de vie (secondaire)<\/em>. DidacSciences. https:\/\/didacsciences.be\/.<\/p>\n\n\n\n<h2 class=\"wp-block-heading\">Introduction et balises<\/h2>\n\n\n\n<p class=\"has-text-align-justify\">Le concept de vie est d\u00e9velopp\u00e9 chez les \u00e9l\u00e8ves tout au long de la scolarit\u00e9 maternelle et secondaire. L\u2019enjeu est la construction d\u2019une conception scientifique du vivant en contexte scolaire (<a href=\"https:\/\/hal.archives-ouvertes.fr\/hal-02555493\/document\" target=\"_blank\" rel=\"noreferrer noopener\">Granger, Lhoste et Schneeberger (2015)<\/a><a id=\"_ftnref1\" href=\"#_ftn1\"><sup>[1]<\/sup><\/a>. Les \u00e9l\u00e8ves sont progressivement amen\u00e9s \u00e0 identifier les caract\u00e9ristiques du vivant (caract\u00e9ristiques communes, comme la croissance, la reproduction, la nutrition) et \u00e0 comprendre les distinctions entre le vivant et le non vivant. L\u2019intention \u00e9tant bien de d\u00e9velopper chez l\u2019\u00e9l\u00e8ve un autre rapport au vivant que celui du quotidien ce qui lui permet d\u2019entrer dans la culture scientifique (<a href=\"http:\/\/ife.ens-lyon.fr\/publications\/edition-electronique\/aster\/RA031.pdf\" target=\"_blank\" rel=\"noreferrer noopener\">Orange et Pl\u00e9, 2010<\/a><a id=\"_ftnref2\" href=\"#_ftn2\"><sup>[2]<\/sup><\/a>).<\/p>\n\n\n\n<p class=\"has-text-align-justify\">En secondaire, il n\u2019y a plus r\u00e9ellement d\u2019apprentissage pr\u00e9vu autour du concept de vie. Pourtant des chercheurs se sont pench\u00e9s sur ce concept. Ils ont explor\u00e9 les conceptions des \u00e9l\u00e8ves, ont questionn\u00e9 la d\u00e9finition du vivant \u00e0 construire par les \u00e9l\u00e8ves et ont tent\u00e9 d\u2019apporter des \u00e9clairages sur les enjeux ou encore les approches&nbsp; li\u00e9s \u00e0 cet apprentissage.<\/p>\n\n\n\n<p><em>Quelle d\u00e9finition du vivant ?<\/em><\/p>\n\n\n\n<p class=\"has-text-align-justify\">Il n\u2019existe aujourd\u2019hui pas de d\u00e9finition unique et consensuelle du vivant dans la communaut\u00e9 scientifique (<a href=\"https:\/\/d1wqtxts1xzle7.cloudfront.net\/65345662\/Kostyrka_2014_PPB_Definir_la_vie_en_biologie-with-cover-page-v2.pdf?Expires=1655974197&amp;Signature=RezLmoQdRJCA3P7aQt9Xb5dgEgbSY09mHopaGhYbKqIf8vCCZBHfyIQ7~w1Qf0XDGj7g2L4UHLtYoyfzgM9T2AIujINFrzJBAFPLNhAE16eyOt8BKemoHGh8a3QMw77PDWoIyp5wlLiW8~We2Fc4B2I4I-BinTks69KAnkVv97mtViZbMFUeABeXxC2fGESWeXB~axFrnBft92nmaOoDSr-vCz9bLsEgHNiyWIitatlKXRAsn5LyBrL24fn2HEQ~D2hsUslDH5GUW0-nmUOOJCjka5lxc6Nh~qhbkLNkqG-vpiira-SZkAgZs3RHM7RgpitJKF72NKNyqVTlObhpnQ__&amp;Key-Pair-Id=APKAJLOHF5GGSLRBV4ZA\">Kostyrka, 2014<\/a><a id=\"_ftnref3\" href=\"#_ftn3\"><sup>[3]<\/sup><\/a>). Dans leur article, <a href=\"https:\/\/hal.archives-ouvertes.fr\/hal-02555493\/document\" target=\"_blank\" rel=\"noreferrer noopener\">Granger, Lhoste et Schneeberger (2015)<\/a><a id=\"_ftnref4\" href=\"#_ftn4\"><sup>[4]<\/sup><\/a> proposent d\u2019amener une d\u00e9finition du vivant consistant \u00e0 d\u00e9limiter les propri\u00e9t\u00e9s communes des \u00eatres vivants (leur unit\u00e9) tout en montrant leur diversit\u00e9 (manifestations diverses de ces propri\u00e9t\u00e9s). Certaines notions li\u00e9es \u00e0 la biologie cellulaire ou mol\u00e9culaire \u00e9tant progressivement accessibles, la d\u00e9finition du vivant \u00e0 l\u2019\u00e9cole secondaire va s\u2019enrichir. M\u00eame si elle pr\u00e9sente encore des diff\u00e9rences avec celle des scientifiques, elle est toutefois compatible avec les savoirs scientifiques actuels du vivant.<\/p>\n\n\n\n<p><em>Quelles difficult\u00e9s ?<\/em><\/p>\n\n\n\n<p class=\"has-text-align-justify\">Il est int\u00e9ressant de constater que les conceptions des \u00e9l\u00e8ves \u00e0 propos du vivant observ\u00e9es en maternelle&nbsp; persistent m\u00eame au-del\u00e0 de l\u2019\u00e9cole primaire (<a rel=\"noreferrer noopener\" href=\"https:\/\/www.persee.fr\/doc\/enfan_0013-7545_1995_num_48_4_2147\" target=\"_blank\">Van der Keilen et Roy, 1995<\/a><a id=\"_ftnref5\" href=\"#_ftn5\"><sup>[5]<\/sup><\/a>). D\u2019apr\u00e8s la recherche de <a rel=\"noreferrer noopener\" href=\"https:\/\/hal.archives-ouvertes.fr\/hal-01234663\/document\" target=\"_blank\">Rollant et Marzin (1996)<\/a><a id=\"_ftnref6\" href=\"#_ftn6\"><sup>[6]<\/sup><\/a>, l&rsquo;anthropomorphisme, l\u2019animisme, le finalisme et le ph\u00e9nom\u00e9nisme sont encore fr\u00e9quemment rencontr\u00e9s avant l\u2019entr\u00e9e au secondaire. Vers 11-12 ans, les animaux, les plantes ainsi que les microorganismes sont bien consid\u00e9r\u00e9s comme vivants mais pas les objets fabriqu\u00e9s. Cependant, les crit\u00e8res avanc\u00e9s par les \u00e9l\u00e8ves pour justifier leur tri varient en fonction du groupe \u00e9tudi\u00e9. D\u2019apr\u00e8s ces recherches, l\u2019unit\u00e9 du vivant ne semble donc pas acquise. La relation entre la vie et la pr\u00e9sence de fonctions biologiques particuli\u00e8res n\u2019est pas totalement \u00e9tablie. D\u2019apr\u00e8s certains auteurs&nbsp; (<a rel=\"noreferrer noopener\" href=\"https:\/\/www.persee.fr\/doc\/enfan_0013-7545_1995_num_48_4_2147\" target=\"_blank\">Van der Keilen et Roy, 1995<\/a><a id=\"_ftnref7\" href=\"#_ftn7\"><sup>[7]<\/sup><\/a>), l&rsquo;affirmation que les plantes sont vivantes repose ainsi plus sur les connaissances sp\u00e9cifiques et sur la maturation de la pens\u00e9e ce qui peut expliquer pourquoi les enfants ont tendance \u00e0 accorder la vie aux plantes plus tard qu&rsquo;aux animaux. La place des \u00e9l\u00e9ments naturels, encore plus s\u2019ils sont mouvants, est aussi un autre obstacle tr\u00e8s fr\u00e9quent. Ainsi, la lune, le soleil, un nuage, les volcans sont souvent consid\u00e9r\u00e9s comme vivants. Ces conceptions sont encore retrouv\u00e9es chez les \u00e9l\u00e8ves du secondaire et chez les adultes, y compris des futurs enseignants. Ces \u00e9l\u00e9ments constituent des points d\u2019attention importants pour l\u2019enseignant qui va amener ses \u00e9l\u00e8ves \u00e0 d\u00e9velopper des concepts scientifiques li\u00e9s au concept de vie (fonctions chez les vivants, classification, \u00e9volution, etc).<\/p>\n\n\n\n<p class=\"has-text-align-justify\">S\u2019interroger sur la d\u00e9finition de la vie peut amener une d\u00e9marche pertinente avec des \u00e9l\u00e8ves du secondaire en lien avec la philosophie ou encore en astrobiologie. Dans ce dernier domaine, cette question est essentielle notamment dans le cadre des recherches li\u00e9es aux missions visant l\u2019exploration de la pr\u00e9sence de vie extraterrestre.<\/p>\n\n\n\n<hr class=\"wp-block-separator has-alpha-channel-opacity\"\/>\n\n\n\n<h2 class=\"wp-block-heading\">Entr\u00e9es faciles<\/h2>\n\n\n\n<p class=\"has-text-align-justify\">Dell-Angelo-Sauvage (2009)<a href=\"#_ftn8\" id=\"_ftnref8\"><sup>[8]<\/sup><\/a> propose un ouvrage posant un regard neuf sur les enseignements relatifs au vivant \u00e0 l\u2019\u00e9cole primaire et au coll\u00e8ge. L\u2019auteur y sugg\u00e8re un apprentissage ouvert et respectueux dans lequel l\u2019\u00e9l\u00e8ve prend conscience de sa place parmi le monde vivant.<\/p>\n\n\n\n<h2 class=\"wp-block-heading\">\u00c9crits scientifiques<\/h2>\n\n\n\n<p class=\"has-text-align-justify\">La <a href=\"https:\/\/www.persee.fr\/doc\/enfan_0013-7545_1995_num_48_4_2147\" target=\"_blank\" rel=\"noreferrer noopener\">recherche de Van der Keilen et Roy (1995)<\/a> porte sur d\u00e9marche de pens\u00e9e sous-jacente au concept et de vie et plus particuli\u00e8rement sur l&rsquo;attribution des crit\u00e8res de la vie aux animaux et aux plantes avanc\u00e9s par les enfants en fonction de leur \u00e2ge (6 \u00e0 13 ans). L\u2019article d\u00e9bute par une synth\u00e8se des travaux de recherche sur l\u2019\u00e9volution de la pens\u00e9e enfantine en lien avec le concept de vie.<\/p>\n\n\n\n<hr class=\"wp-block-separator has-alpha-channel-opacity\"\/>\n\n\n\n<h2 class=\"wp-block-heading\">Pistes de r\u00e9flexion pour les TFE et m\u00e9moires<\/h2>\n\n\n\n<p>S&rsquo;int\u00e9resser au concept de vie \u00e0 l&rsquo;\u00e9cole secondaire, c&rsquo;est par exemple :<\/p>\n\n\n\n<ul class=\"wp-block-list\">\n<li>s&rsquo;interroger sur les conceptions des \u00e9l\u00e8ves et sur la mani\u00e8re de les faire \u00e9voluer ;<\/li>\n\n\n\n<li>questionner les pratiques de classe ;<\/li>\n\n\n\n<li>s&rsquo;int\u00e9resser aux obstacles \u00e0 l&rsquo;apprentissage ;<\/li>\n\n\n\n<li>se pencher sur les vis\u00e9es et\/ou les enjeux d&rsquo;un tel apprentissage avec des \u00e9l\u00e8ves de 12 \u00e0 18 ans.<\/li>\n\n\n\n<li>s&rsquo;interroger \u00e0 la fa\u00e7on de probl\u00e9matiser ce sujet ;<\/li>\n\n\n\n<li>interroger les outils permettant un tel apprentissage ;<\/li>\n\n\n\n<li>questionner le r\u00f4le de l&rsquo;observation directe des v\u00e9g\u00e9taux et animaux sur cet apprentissage ;<\/li>\n\n\n\n<li>etc.<\/li>\n<\/ul>\n\n\n\n<hr class=\"wp-block-separator has-alpha-channel-opacity\"\/>\n\n\n\n<p><a href=\"#_ftnref1\" id=\"_ftn1\"><sup>[1]<\/sup><\/a> Grancher, C., Lhoste, Y., &amp; Schneeberger, P. (2015). Construire une conception scientifique du vivant avec des \u00e9l\u00e8ves de 5-7 ans. Approche didactique pour mieux comprendre les processus d\u2019apprentissage et les enjeux d\u00e9veloppementaux. SHS Web of Conferences.<\/p>\n\n\n\n<p><a href=\"#_ftnref2\" id=\"_ftn2\"><sup>[2]<\/sup><\/a> Orange, O. et Pl\u00e9, E. (2000). <em>Les sciences de 2 \u00e0 10 ans, l\u2019entr\u00e9e dans la culture scientifique<\/em>, Aster 31, 1-8.<\/p>\n\n\n\n<p><a href=\"#_ftnref3\" id=\"_ftn3\"><sup>[3]<\/sup><\/a> Kostyrka, G. (2014). D\u00e9finir la vie en biologie: trois probl\u00e8mes. <em>Pr\u00e9cis de philosophie de la biologie<\/em>, 185-196.<\/p>\n\n\n\n<p><a href=\"#_ftnref4\" id=\"_ftn4\"><sup>[4]<\/sup><\/a> Grancher, C., Lhoste, Y., &amp; Schneeberger, P. (2015). Construire une conception scientifique du vivant avec des \u00e9l\u00e8ves de 5-7 ans. Approche didactique pour mieux comprendre les processus d\u2019apprentissage et les enjeux d\u00e9veloppementaux. SHS Web of Conferences.<\/p>\n\n\n\n<p><a href=\"#_ftnref5\" id=\"_ftn5\"><sup>[5]<\/sup><\/a> Van der Keilen, M., &amp; Roy, C. (1995). D\u00e9veloppement du concept de vie \u00e0 propos des animaux et des plantes. <em>Enfance<\/em>, <em>48<\/em>(4), 435-442.<\/p>\n\n\n\n<p><a href=\"#_ftnref6\" id=\"_ftn6\"><sup>[6]<\/sup><\/a>&nbsp; Rolland, A., &amp; Marzin-Janvier, P. (1996). \u00c9tude des crit\u00e8res du concept de vie chez des \u00e9l\u00e8ves de sixi\u00e8me. <em>Didaskalia (Paris)<\/em>, (9), 57-82.<\/p>\n\n\n\n<p><a href=\"#_ftnref7\" id=\"_ftn7\"><sup>[7]<\/sup><\/a> Van der Keilen, M., &amp; Roy, C. (1995). D\u00e9veloppement du concept de vie \u00e0 propos des animaux et des plantes. <em>Enfance<\/em>, <em>48<\/em>(4), 435-442.<\/p>\n\n\n\n<p><a href=\"#_ftnref8\" id=\"_ftn8\"><sup>[8]<\/sup><\/a> Dell&rsquo;Angelo-Sauvage, M. (2009). <em>La construction d&rsquo;un rapport au vivant: un autre regard sur les enseignements relatifs aux vivants \u00e0 l&rsquo;\u00e9cole et au coll\u00e8ge<\/em>. Delagrave.<\/p>\n","protected":false},"excerpt":{"rendered":"<p>Pour citer cette page : Roelants, D. et Dahmouche, H. (2022).\u00a0Concept de vie (secondaire). DidacSciences. https:\/\/didacsciences.be\/. Introduction et balises Le concept de vie est d\u00e9velopp\u00e9 chez les \u00e9l\u00e8ves tout au long de la scolarit\u00e9 maternelle et secondaire. L\u2019enjeu est la construction d\u2019une conception scientifique du vivant en contexte scolaire (Granger, Lhoste et Schneeberger (2015)[1]. Les [&hellip;]<\/p>\n","protected":false},"author":1,"featured_media":0,"parent":119,"menu_order":0,"comment_status":"closed","ping_status":"closed","template":"","meta":{"saved_in_kubio":false,"footnotes":""},"class_list":["post-334","page","type-page","status-publish","hentry"],"kubio_ai_page_context":{"short_desc":"","purpose":"general"},"jetpack_sharing_enabled":true,"_links":{"self":[{"href":"https:\/\/didacsciences.be\/index.php\/wp-json\/wp\/v2\/pages\/334","targetHints":{"allow":["GET"]}}],"collection":[{"href":"https:\/\/didacsciences.be\/index.php\/wp-json\/wp\/v2\/pages"}],"about":[{"href":"https:\/\/didacsciences.be\/index.php\/wp-json\/wp\/v2\/types\/page"}],"author":[{"embeddable":true,"href":"https:\/\/didacsciences.be\/index.php\/wp-json\/wp\/v2\/users\/1"}],"replies":[{"embeddable":true,"href":"https:\/\/didacsciences.be\/index.php\/wp-json\/wp\/v2\/comments?post=334"}],"version-history":[{"count":5,"href":"https:\/\/didacsciences.be\/index.php\/wp-json\/wp\/v2\/pages\/334\/revisions"}],"predecessor-version":[{"id":1142,"href":"https:\/\/didacsciences.be\/index.php\/wp-json\/wp\/v2\/pages\/334\/revisions\/1142"}],"up":[{"embeddable":true,"href":"https:\/\/didacsciences.be\/index.php\/wp-json\/wp\/v2\/pages\/119"}],"wp:attachment":[{"href":"https:\/\/didacsciences.be\/index.php\/wp-json\/wp\/v2\/media?parent=334"}],"curies":[{"name":"wp","href":"https:\/\/api.w.org\/{rel}","templated":true}]}}