{"id":573,"date":"2022-12-16T11:11:51","date_gmt":"2022-12-16T10:11:51","guid":{"rendered":"https:\/\/didacsciences.be\/?page_id=573"},"modified":"2024-12-12T21:47:50","modified_gmt":"2024-12-12T20:47:50","slug":"plantes-secondaire","status":"publish","type":"page","link":"https:\/\/didacsciences.be\/index.php\/home\/concepts-scientifiques\/plantes-secondaire\/","title":{"rendered":"Plantes : nutrition, physiologie, reproduction (secondaire)"},"content":{"rendered":"\n<p class=\"has-text-align-right\">Pour citer cette page : Roelants, D. et Dahmouche, H. (2022).\u00a0<em>Plantes : nutrition, physiologie, reproduction (secondaire)<\/em>. DidacSciences. https:\/\/didacsciences.be\/.<\/p>\n\n\n\n<h2 class=\"wp-block-heading\">Introduction et balises<\/h2>\n\n\n\n<p class=\"has-text-align-justify\">Les plantes font partie du quotidien des \u00e9l\u00e8ves depuis leur jeune \u00e2ge. Ces observations quotidiennes rencontrent les apprentissages men\u00e9s \u00e0 l\u2019\u00e9cole de la maternelle au secondaire. Cela pourrait faire penser qu\u2019ils connaissent bien cette cat\u00e9gorie d\u2019\u00eatre vivant. En r\u00e9alit\u00e9, les conceptions des \u00e9l\u00e8ves sont souvent fortement \u00e9loign\u00e9es des conceptions vis\u00e9es lors de la scolarit\u00e9 (Barman <em>et al.<\/em>,&nbsp; 2006<a id=\"_ftnref1\" href=\"#_ftn1\"><sup>[1]<\/sup><\/a>) ; c\u2019est encore le cas en secondaire (<a href=\"https:\/\/www.persee.fr\/doc\/aster_0297-9373_1985_num_1_1_890\" target=\"_blank\" rel=\"noreferrer noopener\">Rumelhard, 1985<\/a><a id=\"_ftnref2\" href=\"#_ftn2\"><sup>[2]<\/sup><\/a>).<\/p>\n\n\n\n<p class=\"has-text-align-justify\"><a><\/a>D\u00e8s la maternelle, les \u00e9l\u00e8ves d\u00e9couvrent le monde vivant. Par la biais de d&rsquo;activit\u00e9s plus ou moins structur\u00e9es li\u00e9es \u00e0 des \u00e9levages, des plantations, des semis, ils sont amen\u00e9s \u00e0 percevoir diff\u00e9rentes manifestations de la vie y compris chez les plantes. En primaire, les \u00e9l\u00e8ves sont amen\u00e9s \u00e0 d\u00e9couvrir les stades de d\u00e9veloppement de plantes (cycle de vie) mais aussi \u00e0 exp\u00e9rimenter diff\u00e9rents besoins de la plante (eau, lumi\u00e8re, temp\u00e9rature, etc) pour sa croissance ou de la graine pour la germination. En secondaire, les \u00e9l\u00e8ves vont plus loin dans la conceptualisation en abordant la photosynth\u00e8se, la place des v\u00e9g\u00e9taux dans les \u00e9cosyst\u00e8mes mais aussi la g\u00e9n\u00e9tique ou encore le m\u00e9tabolisme cellulaire.<\/p>\n\n\n\n<p class=\"has-text-align-justify\">L\u2019acquisition de connaissances \u00e9clair\u00e9es sur les plantes, en particulier le groupe des plantes \u00e0 fleurs, permet le d\u00e9veloppement du raisonnement des \u00e9l\u00e8ves. Les concepts construits participent au d\u00e9veloppement d\u2019une culture scientifique scolaire n\u00e9cessaire pour \u00e9duquer les \u00e9l\u00e8ves au d\u00e9veloppement durable, pour d\u00e9velopper une pens\u00e9e \u00e9cologique et, <em>in fine,<\/em> r\u00e9pondre aux enjeux soci\u00e9taux. Ainsi, comprendre la reproduction sexu\u00e9e des plantes \u00e0 fleurs permet de prendre conscience de l\u2019impact du d\u00e9clin des abeilles, celui li\u00e9 \u00e0 l\u2019utilisation des produits phytosanitaires ou encore \u00e0 l\u2019utilisation des organismes g\u00e9n\u00e9tiquement modifi\u00e9s. Pourtant, les \u00e9l\u00e8ves semblent montrer un manque d\u2019int\u00e9r\u00eat pour ce groupe d\u2019\u00eatres vivants. \u00c0 cela s\u2019ajoutent des obstacles \u00e0 l&rsquo;apprentissage des concepts. Par exemple, en fin de secondaire, les \u00e9l\u00e8ves ne con\u00e7oivent g\u00e9n\u00e9ralement pas que le dioxyde de carbone est une source de nourriture pour la plante. Cet obstacle est renforc\u00e9 par le sens commun qui consid\u00e8re que le dioxyde de carbone est un polluant, il est toxique pour les \u00eatres vivants (<a href=\"https:\/\/www.persee.fr\/doc\/aster_0297-9373_1985_num_1_1_890\" target=\"_blank\" rel=\"noreferrer noopener\">Rumelhard, 1985<\/a><a id=\"_ftnref3\" href=\"#_ftn3\"><sup>[3]<\/sup><\/a>). Le lien entre croissance et production de mati\u00e8re n\u2019est pas non plus \u00e9tabli et le r\u00f4le de la lumi\u00e8re est obscur. La respiration est per\u00e7ue comme un processus isol\u00e9 et non comme un processus participant au d\u00e9veloppement du v\u00e9g\u00e9tal. Ils ont des difficult\u00e9s \u00e0 imaginer une nutrition autotrophe (<a href=\"https:\/\/journals.openedition.org\/rdst\/4210#tocto2n4\" target=\"_blank\" rel=\"noreferrer noopener\">Rouquet, 2022<\/a><a id=\"_ftnref4\" href=\"#_ftn4\"><sup>[4]<\/sup><\/a>). L\u2019humus est souvent consid\u00e9r\u00e9 comme source de nourriture pour les plantes ; cette conception \u00e9tant accentu\u00e9e par les pratiques agricoles que les \u00e9l\u00e8ves peuvent observer dans leur quotidien. \u00c0 ces conceptions li\u00e9es \u00e0 la nutrition, s\u2019en ajoutent d\u2019autres li\u00e9es par exemple aux concepts de graine ou de germination (<a href=\"https:\/\/www.persee.fr\/doc\/aster_0297-9373_1992_num_15_1_997\" target=\"_blank\" rel=\"noreferrer noopener\">Canal de Leon, 1992<\/a><a id=\"_ftnref5\" href=\"#_ftn5\"><sup>[5]<\/sup><\/a> et 1999<a id=\"_ftnref6\" href=\"#_ftn6\"><sup>[6]<\/sup><\/a>). Vous trouverez ci-dessous divers articles qui pourront nourrir votre r\u00e9flexion sur le sujet.<\/p>\n\n\n\n<p class=\"has-text-align-justify\"><a><\/a>Outre leur int\u00e9r\u00eat dans la construction de concepts scientifiques, le mat\u00e9riel v\u00e9g\u00e9tal est, par sa facilit\u00e9 \u00e0 \u00eatre manipul\u00e9, une excellente ressource pour d\u00e9velopper les habilet\u00e9s exp\u00e9rimentales des \u00e9l\u00e8ves. Il se pr\u00eate aussi \u00e0 une sensibilisation \u00e0 l\u2019histoire des sciences.<\/p>\n\n\n\n<p><a><\/a>En lien avec les plantes, nous vous proposons de consulter la page consacr\u00e9e \u00e0 l\u2019\u00e9cole du dehors (\u00e0 venir).<\/p>\n\n\n\n<h2 class=\"wp-block-heading\">Entr\u00e9es faciles<\/h2>\n\n\n\n<p class=\"has-text-align-justify\">L\u2019ouvrage de Morot-Gaudry, Moreau, Prat, Maurel et Sentenac (2021)<a href=\"#_ftn7\" id=\"_ftnref7\"><sup>[7]<\/sup><\/a> propose un aper\u00e7u \u00e0 la fois complet et illustr\u00e9 de la photosynth\u00e8se, de la nutrition hydromin\u00e9rale et du m\u00e9tabolismes interm\u00e9diaire des plantes avec des compl\u00e9ments techniques ou historiques. Cet outil est un bon point de d\u00e9part pour actualiser ses connaissances scientifiques sur le sujet.<\/p>\n\n\n\n<h2 class=\"wp-block-heading\">\u00c9crits scientifiques<\/h2>\n\n\n\n<p class=\"has-text-align-justify\">L\u2019<a href=\"https:\/\/www.persee.fr\/doc\/aster_0297-9373_1985_num_1_1_890\" target=\"_blank\" rel=\"noreferrer noopener\">article de Rumelhard<\/a> (1985) s\u2019int\u00e9resse aux conceptions des \u00e9l\u00e8ves \u00e0 propos de la photosynth\u00e8se. Sa recherche s\u2019appuie sur une approche \u00e9pist\u00e9mologique ainsi que sur l\u2019analyse de r\u00e9ponses d\u2019\u00e9l\u00e8ves (de la fin du secondaire) et de contenus des manuels scolaires. L\u2019auteur essaie d\u2019identifier les obstacles et r\u00e9sistances li\u00e9s aux concepts li\u00e9s \u00e0 la photosynth\u00e8se et formule des propositions pour surmonter ces difficult\u00e9s.<\/p>\n\n\n\n<p class=\"has-text-align-justify\"><a href=\"https:\/\/www.persee.fr\/doc\/aster_0297-9373_1992_num_15_1_1001\" target=\"_blank\" rel=\"noreferrer noopener\">L\u2019article de Campestrini (1992) <\/a>analyse les strat\u00e9gies suivies par les \u00e9l\u00e8ves lors d\u2019une discussion sur les r\u00e9sultats de l\u2019exp\u00e9rience historique de Van Helmont.<\/p>\n\n\n\n<p class=\"has-text-align-justify\">L\u2019article de <a href=\"https:\/\/www.persee.fr\/doc\/aster_0297-9373_1992_num_15_1_997\" target=\"_blank\" rel=\"noreferrer noopener\">Canal de Leon (1992)<\/a> fait le point sur les conceptions des \u00e9l\u00e8ves de 6 \u00e0 13 ans sur la nutrition v\u00e9g\u00e9tale (alimentation, photosynth\u00e8se et respiration). Il y d\u00e9veloppe une r\u00e9flexion sur le champ conceptuel de la nutrition chez les plantes en explorant les concepts qui y sont li\u00e9s.<\/p>\n\n\n\n<p class=\"has-text-align-justify\">La <a href=\"https:\/\/www.persee.fr\/doc\/aster_0297-9373_1992_num_15_1_999\" target=\"_blank\" rel=\"noreferrer noopener\">recherche de Kassou et Souchon (1992)<\/a> questionne la place de l\u2019histoire des sciences dans l\u2019enseignement de la photosynth\u00e8se&nbsp; \u00e0 travers l\u2019analyse d\u2019ouvrages et de manuels scolaires.<\/p>\n\n\n\n<p class=\"has-text-align-justify\"><a href=\"https:\/\/www.persee.fr\/doc\/aster_0297-9373_1993_num_17_1_1331\" data-type=\"URL\" data-id=\"https:\/\/www.persee.fr\/doc\/aster_0297-9373_1993_num_17_1_1331\" target=\"_blank\" rel=\"noreferrer noopener\">Sauvageot-Skibine (1993)<\/a> propose de s\u2019int\u00e9resser aux conceptions des \u00e9l\u00e8ves de 11-12 ans qui font obstacle \u00e0 la construction des concepts de milieu int\u00e9rieur et de surface d\u2019\u00e9changes et qui sont fr\u00e9quentes au coll\u00e8ge et \u00e0 l\u2019\u00e2ge adulte. L\u2019auteure met en \u00e9vidence la persistance de la repr\u00e9sentation \u201ccommunication par tuyaux\u201d notamment dans la nutrition des plantes et propose la piste d\u2019une situation-probl\u00e8me pour franchir cet obstacle.<\/p>\n\n\n\n<p class=\"has-text-align-justify\">L\u2019article de <a href=\"https:\/\/www.persee.fr\/doc\/reper_1157-1330_2000_num_21_1_2333\" target=\"_blank\" rel=\"noreferrer noopener\">Bautier (2000)<\/a> pr\u00e9sente une recherche sur les conduites d\u2019\u00e9criture mises en \u0153uvre par les \u00e9l\u00e8ves de fin de primaire (6e, France) lors de la production d\u2019un \u00e9crit narratif au d\u00e9part d\u2019un sch\u00e9ma du cycle de vie du cerisier.<\/p>\n\n\n\n<p class=\"has-text-align-justify\">L\u2019<a href=\"https:\/\/www.pedocs.de\/frontdoor.php?source_opus=19140\" target=\"_blank\" rel=\"noreferrer noopener\">article de Quinte et Boyer (2019)<\/a> propose une comparaison des manuels scolaires afin de comprendre comment le concept de cycle de vie des plantes \u00e0 fleurs est transpos\u00e9 depuis les programmes scolaires et d\u00e9celer les conceptualisations qui sont propos\u00e9es.<\/p>\n\n\n\n<p class=\"has-text-align-justify\">La contribution de <a href=\"https:\/\/www.pedocs.de\/frontdoor.php?source_opus=19144\" target=\"_blank\" rel=\"noreferrer noopener\">Orange Ravachol et Orange (2019)<\/a> tente de caract\u00e9riser les difficult\u00e9s des \u00e9l\u00e8ves \u00e0 d\u00e9passer la pens\u00e9e commune en ce qui concerne la nutrition des plantes. Le propos se base sur un discours d\u2019un \u00e9l\u00e8ve de 10-11 ans (CM2, France) et sur une classe d\u2019\u00e9l\u00e8ves de 15-17 ans (coll\u00e8ge, France).<\/p>\n\n\n\n<p class=\"has-text-align-justify\">L\u2019article de <a href=\"https:\/\/journals.openedition.org\/rdst\/3103#tocto2n3\" target=\"_blank\" rel=\"noreferrer noopener\">Quinte (2020)<\/a> pr\u00e9sente une \u00e9tude comparative des conceptions des \u00e9l\u00e8ves du d\u00e9but du secondaire sur le cycle de vie des plantes \u00e0 fleurs visant \u00e0 d\u00e9terminer les facteurs qui les influencent et les obstacles \u00e0 l\u2019apprentissage li\u00e9s.<\/p>\n\n\n\n<p class=\"has-text-align-justify\">La <a href=\"https:\/\/journals.openedition.org\/rdst\/4210#tocto2n4\" target=\"_blank\" rel=\"noreferrer noopener\">recherche de Rouquet (2022)<\/a> s\u2019int\u00e9resse aux conditions de l\u2019acc\u00e8s aux savoirs de la nutrition des plantes par des \u00e9l\u00e8ves de fin de secondaire (terminale scientifique, France). Elle postule l\u2019int\u00e9r\u00eat du d\u00e9bat pr\u00e9c\u00e9d\u00e9 d\u2019un travail \u00e9crit argumentatif pour construire des savoirs scientifiques raisonn\u00e9s et pour d\u00e9passer les obstacles. Elle s\u2019inscrit ainsi dans le cadre th\u00e9orique de la probl\u00e9matisation.<\/p>\n\n\n\n<h2 class=\"wp-block-heading\">Pistes de r\u00e9flexion pour les TFE et m\u00e9moires<\/h2>\n\n\n\n<p>S\u2019int\u00e9resser \u00e0 l\u2019enseignement des concepts li\u00e9s aux plantes, c\u2019est par exemple :<\/p>\n\n\n\n<ul class=\"wp-block-list\">\n<li>questionner la place de l\u2019histoire des sciences dans les apprentissages de la nutrition v\u00e9g\u00e9tale ;<\/li>\n\n\n\n<li>investiguer la question de l\u2019utilisation des mod\u00e8les de nutrition v\u00e9g\u00e9tale ;<\/li>\n\n\n\n<li>amener une r\u00e9flexion sur la construction d\u2019un savoir raisonn\u00e9 sur la nutrition v\u00e9g\u00e9tale ;<\/li>\n\n\n\n<li>questionner la place des exp\u00e9riences \u201cusuelles\u201d employ\u00e9es pour illustrer\/construire le concept de photosynth\u00e8se ;<\/li>\n\n\n\n<li>s\u2019interroger sur les obstacles des \u00e9l\u00e8ves \u00e0 propos d\u2019un concept en particulier ;<\/li>\n\n\n\n<li>se pencher sur les possibilit\u00e9s d\u2019\u00e9duquer au d\u00e9veloppement durable par l\u2019interm\u00e9diaire de l&rsquo;\u00e9tude des plantes \u00e0 fleurs ;<\/li>\n\n\n\n<li>investiguer les obstacles li\u00e9s \u00e0 la pens\u00e9e commune sur les plantes;<\/li>\n\n\n\n<li>\u2026<\/li>\n<\/ul>\n\n\n\n<hr class=\"wp-block-separator has-alpha-channel-opacity\"\/>\n\n\n\n<p><a href=\"#_ftnref1\" id=\"_ftn1\"><sup>[1]<\/sup><\/a> Barman, C. R., Stein, M., McNair, S., &amp; Barman, N. S. (2006). Students&rsquo; ideas about plants &amp; plant growth. <em>The American biology teacher<\/em>, 73-79.<\/p>\n\n\n\n<p><a href=\"#_ftnref2\" id=\"_ftn2\"><sup>[2]<\/sup><\/a> Rumelhard, G. (1985). Quelques repr\u00e9sentations \u00e0 propos de la photosynth\u00e8se. <em>Aster: Recherches en didactique des sciences exp\u00e9rimentales<\/em>, <em>1<\/em>(1), 37-66.<\/p>\n\n\n\n<p><a href=\"#_ftnref3\" id=\"_ftn3\"><sup>[3]<\/sup><\/a> Rumelhard, G. (1985). Quelques repr\u00e9sentations \u00e0 propos de la photosynth\u00e8se. <em>Aster: Recherches en didactique des sciences exp\u00e9rimentales<\/em>, <em>1<\/em>(1), 37-66.<\/p>\n\n\n\n<p><a href=\"#_ftnref4\" id=\"_ftn4\"><sup>[4]<\/sup><\/a> Rouquet, F. (2022). Des caricatures pour faciliter l\u2019argumentation d\u2019un d\u00e9bat de classe. La nutrition des plantes en terminale scientifique. <em>RDST. Recherches en didactique des sciences et des technologies<\/em>, (25), 129-154.<\/p>\n\n\n\n<p><a href=\"#_ftnref5\" id=\"_ftn5\"><sup>[5]<\/sup><\/a> Ca\u00f1al de Le\u00f3n, P. (1992). Quel enseignement sur la nutrition des plantes en \u00e9ducation\u00a0\u00bb de base\u00a0\u00bb? Proposition didactique. <em>Aster: Recherches en didactique des sciences exp\u00e9rimentales<\/em>, <em>15<\/em>(1), 7-32.<\/p>\n\n\n\n<p><a href=\"#_ftnref6\" id=\"_ftn6\"><sup>[6]<\/sup><\/a> Ca\u00f1al, P. (1999). Photosynthesis and inverse respiration in plants: an inevitable misconception?. <em>International Journal of Science Education<\/em>, <em>21<\/em>(4), 363-371.<\/p>\n\n\n\n<p><a href=\"#_ftnref7\" id=\"_ftn7\"><sup>[7]<\/sup><\/a> Morot-Gaudry, J-F., Moreau, F., Prat, R., Maurel, C., Sentenac, H. (2021). <em>Biologie V\u00e9g\u00e9tale &#8211; Nutrition et M\u00e9tabolisme<\/em>. Dunod.<\/p>\n","protected":false},"excerpt":{"rendered":"<p>Pour citer cette page : Roelants, D. et Dahmouche, H. (2022).\u00a0Plantes : nutrition, physiologie, reproduction (secondaire). DidacSciences. https:\/\/didacsciences.be\/. Introduction et balises Les plantes font partie du quotidien des \u00e9l\u00e8ves depuis leur jeune \u00e2ge. Ces observations quotidiennes rencontrent les apprentissages men\u00e9s \u00e0 l\u2019\u00e9cole de la maternelle au secondaire. Cela pourrait faire penser qu\u2019ils connaissent bien cette [&hellip;]<\/p>\n","protected":false},"author":1,"featured_media":0,"parent":119,"menu_order":0,"comment_status":"closed","ping_status":"closed","template":"","meta":{"saved_in_kubio":false,"footnotes":""},"class_list":["post-573","page","type-page","status-publish","hentry"],"kubio_ai_page_context":{"short_desc":"","purpose":"general"},"jetpack_sharing_enabled":true,"_links":{"self":[{"href":"https:\/\/didacsciences.be\/index.php\/wp-json\/wp\/v2\/pages\/573","targetHints":{"allow":["GET"]}}],"collection":[{"href":"https:\/\/didacsciences.be\/index.php\/wp-json\/wp\/v2\/pages"}],"about":[{"href":"https:\/\/didacsciences.be\/index.php\/wp-json\/wp\/v2\/types\/page"}],"author":[{"embeddable":true,"href":"https:\/\/didacsciences.be\/index.php\/wp-json\/wp\/v2\/users\/1"}],"replies":[{"embeddable":true,"href":"https:\/\/didacsciences.be\/index.php\/wp-json\/wp\/v2\/comments?post=573"}],"version-history":[{"count":4,"href":"https:\/\/didacsciences.be\/index.php\/wp-json\/wp\/v2\/pages\/573\/revisions"}],"predecessor-version":[{"id":1170,"href":"https:\/\/didacsciences.be\/index.php\/wp-json\/wp\/v2\/pages\/573\/revisions\/1170"}],"up":[{"embeddable":true,"href":"https:\/\/didacsciences.be\/index.php\/wp-json\/wp\/v2\/pages\/119"}],"wp:attachment":[{"href":"https:\/\/didacsciences.be\/index.php\/wp-json\/wp\/v2\/media?parent=573"}],"curies":[{"name":"wp","href":"https:\/\/api.w.org\/{rel}","templated":true}]}}