{"id":680,"date":"2023-03-15T09:34:09","date_gmt":"2023-03-15T08:34:09","guid":{"rendered":"https:\/\/didacsciences.be\/?page_id=680"},"modified":"2025-05-27T13:03:48","modified_gmt":"2025-05-27T11:03:48","slug":"ecole-du-dehors","status":"publish","type":"page","link":"https:\/\/didacsciences.be\/index.php\/home\/concepts-didactiques\/ecole-du-dehors\/","title":{"rendered":"Ecole du dehors"},"content":{"rendered":"\n<p class=\"has-text-align-right\">Pour citer cette page : Roelants, D. et Dahmouche, H. (2023). <em>Ecole du dehors<\/em>. DidacSciences. https:\/\/didacsciences.be\/.<\/p>\n\n\n\n<h2 class=\"wp-block-heading\">Introduction et balises<\/h2>\n\n\n\n<p class=\"has-text-align-justify\">L&rsquo;\u00c9cole du dehors connait beaucoup de succ\u00e8s (Chereau &amp; Fauchier-Delavigne, 2019<a id=\"_ftnref1\" href=\"#_ftn1\"><sup>[1]<\/sup><\/a>). L\u2019augmentation des \u00e9tudes sur les pratiques li\u00e9es \u00e0 l\u2019\u00e9cole du dehors montre cet engouement et un d\u00e9sir de revoir les pratiques dans l\u2019enseignement (<a rel=\"noreferrer noopener\" href=\"https:\/\/www.ijese.com\/article\/factors-related-to-students-perception-of-learning-during-outdoor-science-lessons-in-schools-7815\" target=\"_blank\">Ayotte-Beaudet et Potvin, 2020<\/a>).<\/p>\n\n\n\n<p class=\"has-text-align-justify\"><a><\/a>Derri\u00e8re les pionniers danois qui cr\u00e9\u00e8rent la premi\u00e8re \u00e9cole en for\u00eat en 1952 et qui organisent aujourd\u2019hui 700 \u00e9coles maternelles dans lesquelles les enfants passent la majeure partie de leur temps dehors, de nombreux projets d\u2019\u00e9coles en milieu ext\u00e9rieur se d\u00e9veloppent un peu partout en Europe (Giamellaro, 2014)<a href=\"#_ftn2\" id=\"_ftnref2\"><sup>[2]<\/sup><\/a>. Des enseignants de plus en plus nombreux se lancent dans cette mouvance, motiv\u00e9s par un constat de manque de nature dans la soci\u00e9t\u00e9 en g\u00e9n\u00e9ral et chez leurs \u00e9l\u00e8ves en particulier (d\u2019apr\u00e8s l\u2019expression \u00ab nature deficit desorder \u00bb popularis\u00e9e par le journaliste am\u00e9ricain Richard Louv<a href=\"#_ftn3\" id=\"_ftnref3\"><sup>[3]<\/sup><\/a>). Des associations de terrain issues du secteur de l\u2019\u00c9ducation relative \u00e0 l\u2019Environnement (ErE) ont adopt\u00e9 dans leurs missions l\u2019accompagnement des enseignants dans la nature.<\/p>\n\n\n\n<p class=\"has-text-align-justify\"><a><\/a>Depuis une dizaine d\u2019ann\u00e9es, de nombreux \u00e9crits francophones invitent \u00e0 enseigner dehors. Ces auteurs attribuent au contact avec la nature des vertus p\u00e9dagogiques et th\u00e9rapeutiques : les enfants seraient plus cr\u00e9atifs, collaboratifs et plus concentr\u00e9s (Ariena, 2019<a href=\"#_ftn4\" id=\"_ftnref4\"><sup>[4]<\/sup><\/a>). Au Canada, Ayotte-Beaudet <em>et al.<\/em> (2021) montrent une corr\u00e9lation positive entre l\u2019\u00ab outdoor \u00bb et l\u2019apprentissage des sciences : \u00e9volution de la compr\u00e9hension des concepts scientifiques, augmentation de comp\u00e9tences li\u00e9es \u00e0 l\u2019investigation scientifique et plus grande connexion \u00e0 la nature. Toutefois, pour un r\u00e9el impact sur la qualit\u00e9 des apprentissages, Ayotte-Beaudet et Potvin (2020) insistent sur la n\u00e9cessit\u00e9 de structurer ce qui est propos\u00e9 dehors et d\u2019identifier les apprentissages vis\u00e9s car, pour certains \u00e9l\u00e8ves, ce nouveau contexte peut \u00eatre distracteur (Connac, 2021<a href=\"#_ftn5\" id=\"_ftnref5\"><sup>[5]<\/sup><\/a> ; Ayotte-Beaudet <em>et al.<\/em>, 2021).<\/p>\n\n\n\n<p class=\"has-text-align-justify\"><a><\/a>Si l\u2019acquisition de comp\u00e9tences propres aux diff\u00e9rentes mati\u00e8res \u00e0 enseigner peut se faire dehors, une analyse sommaire des activit\u00e9s propos\u00e9es pour l\u2019\u00e9cole du dehors montre que les didactiques disciplinaires y sont peu convoqu\u00e9es. Les activit\u00e9s semblent anecdotiques et souvent hors d\u2019une d\u00e9marche didactique pens\u00e9e et pr\u00e9cise. Giamellaro (2014)<a href=\"#_ftn6\" id=\"_ftnref6\"><sup>[6]<\/sup><\/a> a tent\u00e9 de d\u00e9terminer le r\u00f4le de l\u2019\u00e9cole d\u2019une immersion dans un environnement tel que le dehors sur les apprentissages scientifiques. Il a ainsi pu montrer que, pour des \u00e9l\u00e8ves du secondaire (14-18 ans, High school, USA), il y avait bien une plus-value sur l\u2019apprentissage en termes de savoirs chez une part des \u00e9l\u00e8ves mais que cette (sur)contextualisation a pu poser probl\u00e8mes chez d\u2019autres montrant les limites de l\u2019\u00e9cole du dehors et les pr\u00e9cautions \u00e0 prendre.<\/p>\n\n\n\n<p class=\"has-text-align-justify\">En sciences, l\u2019importance accord\u00e9e \u00e0 l\u2019activit\u00e9 concr\u00e8te, exp\u00e9rimentale, d\u2019observation ou de manipulation risque d\u2019occulter l\u2019objet de la recherche dans laquelle s\u2019inscrivent ces activit\u00e9s. Le risque est alors fr\u00e9quent de voir, dans certaines activit\u00e9s propos\u00e9es \u00e0 l\u2019\u00e9cole, des \u00e9l\u00e8ves centr\u00e9s sur l\u2019action et qui, comme l\u2019expliquent <a href=\"https:\/\/www.jstor.org\/stable\/41201986\" target=\"_blank\" rel=\"noreferrer noopener\">Goigoux et Bautier (2004)<\/a><a id=\"_ftnref7\" href=\"#_ftn7\"><sup>[7]<\/sup><\/a>, ne per\u00e7oivent pas les liens entre certaines t\u00e2ches scolaires et leurs finalit\u00e9s. Ces \u00e9l\u00e8ves restent sur le sens premier de la t\u00e2che qui leur est propos\u00e9e, c\u2019est-\u00e0-dire le sens quotidien, ordinaire sans y d\u00e9celer le sens \u00ab\u2009second\u2009\u00bb li\u00e9 aux enjeux scolaires. Sylvain Connac (2021)<a id=\"_ftnref8\" href=\"#_ftn8\"><sup>[8]<\/sup><\/a> alerte \u00e9galement ces risques de malentendus scolaires que peut entra\u00eener le fait d\u2019enseigner dehors et des \u00e9carts entre les \u00e9l\u00e8ves que peut exacerber cette pratique. Wauquiez (2021)<a id=\"_ftnref9\" href=\"#_ftn9\"><sup>[9]<\/sup><\/a> sugg\u00e8re ainsi plut\u00f4t une alternance \u00ab dehors-dedans \u00bb au service des apprentissages cognitifs.<\/p>\n\n\n\n<p class=\"has-text-align-justify\">En compl\u00e9ment \u00e0 cette page, nous vous conseillons la lecture de la page consacr\u00e9e aux <a rel=\"noreferrer noopener\" href=\"https:\/\/didacsciences.be\/index.php\/home\/concepts-didactiques\/malentendus\/\" data-type=\"URL\" data-id=\"https:\/\/didacsciences.be\/index.php\/home\/concepts-didactiques\/malentendus\/\" target=\"_blank\">malentendus<\/a> ainsi que celle li\u00e9e \u00e0 l\u2019\u00e9ducation \u00e0 l\u2019environnement et au d\u00e9veloppement durable (<em>\u00e0 venir<\/em>).<\/p>\n\n\n\n<h2 class=\"wp-block-heading\">Entr\u00e9es faciles<\/h2>\n\n\n\n<p><a><\/a><em>Ressources g\u00e9n\u00e9ralistes<\/em><\/p>\n\n\n\n<p class=\"has-text-align-justify\"><a><\/a>\u201cDehors, j\u2019apprends\u201d de Partoune (2020)<a href=\"#_ftn10\" id=\"_ftnref10\"><sup>[10]<\/sup><\/a> est un ouvrage g\u00e9n\u00e9raliste sur l\u2019\u00e9cole du dehors qui est notamment illustr\u00e9 d\u2019activit\u00e9s d\u2019\u00e9ducation relative \u00e0 l\u2019environnement.<\/p>\n\n\n\n<p class=\"has-text-align-justify\">Le <a href=\"https:\/\/www.cere-asbl.be\/publications\/apprendre-dehors\/\" target=\"_blank\" rel=\"noreferrer noopener\">dossier \u201cApprendre dehors &#8211; Enjeux des pratiques \u00e9ducatives ancr\u00e9es dans le milieu\u201d<\/a> de Acheroy, Leterme et Faniel (dir.) (2020) relate une \u00e9tude qui explore les r\u00e9alit\u00e9s et les enjeux de ces pratiques au niveau de l\u2019\u00e9cole fondamentale.<\/p>\n\n\n\n<p class=\"has-text-align-justify\">Le dossier \u201cApprendre dehors\u201d des Cahiers p\u00e9dagogiques (2021)<a id=\"_ftnref11\" href=\"#_ftn11\"><sup>[11]<\/sup><\/a> se penche sur les sorties de terrain et s\u2019interroge sur ce qui s\u2019apprend de sp\u00e9cifique dehors. Diff\u00e9rentes contributions permettent d\u2019\u00e9clairer la question. Un webinaire associ\u00e9 \u00e0 ce dossier est disponible en ligne : <a rel=\"noreferrer noopener\" href=\"https:\/\/www.cahiers-pedagogiques.com\/webinaire-apprendre-dehors-cahiers-pedagogiques-n-570\/\" target=\"_blank\">https:\/\/www.cahiers-pedagogiques.com\/webinaire-apprendre-dehors-cahiers-pedagogiques-n-570\/<\/a><\/p>\n\n\n\n<p class=\"has-text-align-justify\">Le dossier \u00ab\u00a0Apprendre par la nature\u00a0\u00bb des Cahiers p\u00e9dagogiques (2023)<sup><a href=\"#_ftn12\" data-type=\"internal\" data-id=\"#_ftn12\">[12]<\/a> <\/sup> questionne les exp\u00e9riences de \u00ab\u00a0classes dehors\u00a0\u00bb qui ont tant de succ\u00e8s. Il interroge la n\u00e9cessit\u00e9 de contact avec la nature pour les \u00e9l\u00e8ves et les conditions pour mieux apprendre dans ces circonstances.<\/p>\n\n\n\n<p>Les exp\u00e9riences de \u00ab\u202fclasses dehors\u202f\u00bb ont du succ\u00e8s. Une mani\u00e8re de se reconnecter avec la nature. Mais en quoi le contact avec la nature est-il n\u00e9cessaire aux \u00e9l\u00e8ves, et \u00e0 quelles conditions permet-il de mieux apprendre\u2009?<\/p>\n\n\n\n<p class=\"has-text-align-justify\">Le <a href=\"https:\/\/aepqkiosk.milibris.com\/revue-prescolaire\/revue-prescolaire\/n584-2020\" target=\"_blank\" rel=\"noreferrer noopener\">dossier \u201cL\u2019\u00e9ducation pr\u00e9scolaire\u2026 \u00e0 ciel ouvert!\u201d<\/a> paru dans la Revue pr\u00e9scolaire (2020) propose diff\u00e9rents articles \u00e0 propos de ce sujet. Les articles de la section 1 sont consacr\u00e9s aux bienfaits de l\u2019\u00e9ducation par la nature, ceux de la section 2 aux liens entre l\u2019\u00e9ducation par la nature et les mandats de l\u2019\u00e9ducation pr\u00e9scolaire et ceux de la section 3 sont des r\u00e9cits de pratiques.<\/p>\n\n\n\n<p><a href=\"https:\/\/www.skolo.org\/2023\/08\/21\/l-ecole-du-dehors-entre-intentions-louables-et-ecueils-petits-bourgeois\/\" data-type=\"link\" data-id=\"https:\/\/www.skolo.org\/2023\/08\/21\/l-ecole-du-dehors-entre-intentions-louables-et-ecueils-petits-bourgeois\/\">L&rsquo;article de Mottint (2023)<\/a> initialement paru dans la revue \u00ab\u00a0L\u2019\u00c9cole d\u00e9mocratique (n\u00b094, pp. 11-17) interroge l&rsquo;\u00e9cole du dehors et ses conditions de mise en \u0153uvre, notamment les modalit\u00e9s p\u00e9dagogiques et le r\u00e9cit politique dans lequel elle s&rsquo;inscrit. <\/p>\n\n\n\n<p>La <a href=\"https:\/\/ecotopie.be\/recherche\/ecocitoyennete\/\" data-type=\"link\" data-id=\"https:\/\/ecotopie.be\/recherche\/ecocitoyennete\/\">recherche collaborative \u00ab\u00a0Ecotopie &#8211; De l\u2019exp\u00e9rience en nature \u00e0 l\u2019\u00e9cocitoyennet\u00e9\u00a0\u00bb<\/a> traite de la participation de l&rsquo;\u00e9duction relative \u00e0 l&rsquo;environnement (ErE) au d\u00e9veloppement de la citoyennet\u00e9 par des animateurs nature en Belgique francophone. M\u00eame si ce projet ne touche pas aux apprentissages scolaires, il met en \u00e9vidence les dimensions de cette \u00e9ducation relative \u00e0 l&rsquo;environnement et les pratiques qui la d\u00e9veloppent.<\/p>\n\n\n\n<p>Le <a href=\"https:\/\/www.enseignons.be\/preparation\/88870\/\" data-type=\"link\" data-id=\"https:\/\/www.enseignons.be\/preparation\/88870\/\">guide \u00ab\u00a0R\u00e9aliser un projet nature dans mon \u00e9cole secondaire &#8211; Guide des bonnes pratiques\u00a0\u00bb<\/a> (t\u00e9l\u00e9chargeable gratuitement), d\u00e9velopp\u00e9 dans le cadre du projet secondaire \u00e0 ciel ouvert, propose des exemples d&rsquo;am\u00e9nagements naturels, des retours d&rsquo;exp\u00e9riences et des strat\u00e9gies pour int\u00e9grer la nature dans les apprentissages.<\/p>\n\n\n\n<p><a><\/a><em>Ressources li\u00e9es \u00e0 l\u2019enseignement des sciences :<\/em><\/p>\n\n\n\n<p class=\"has-text-align-justify\">Un <a href=\"https:\/\/www.youtube.com\/watch?v=Z-8dmboKAyQ\" target=\"_blank\" rel=\"noreferrer noopener\">webinaire<\/a> organis\u00e9 par la cat\u00e9gorie p\u00e9dagogique de l\u2019HELMo (2022) propose de prendre connaissance d\u2019une recherche collaborative sur l\u2019\u00e9cole du dehors et les pratiques d\u2019enseignement en sciences li\u00e9es au dehors.<\/p>\n\n\n\n<p class=\"has-text-align-justify\">Le <a rel=\"noreferrer noopener\" href=\"https:\/\/www.symbioses.be\/consulter\/136\/\" target=\"_blank\">num\u00e9ro 136 du magazine Symbiose \u201cDehors pour apprendre &#8211; Pratiques d\u2019\u00e9ducation par la nature\u201d<\/a> fait le tout des pratiques d\u2019\u00e9ducation par la nature, de la cr\u00e8che au secondaire mais aussi en formation d\u2019enseignants. Il propose des r\u00e9flexions sur les bienfaits et les limites, des conseils et pistes d\u2019activit\u00e9s ainsi que des exemples de terrain.<\/p>\n\n\n\n<h2 class=\"wp-block-heading\">\u00c9crits scientifiques<\/h2>\n\n\n\n<p class=\"has-text-align-justify\">L\u2019<a href=\"https:\/\/www.ejmste.com\/article\/teaching-and-learning-science-outdoors-in-schools-immediate-surroundings-at-k-12-levels-a-4951\" target=\"_blank\" rel=\"noreferrer noopener\">article de Ayotte-Beaudet <\/a><a href=\"https:\/\/www.ejmste.com\/article\/teaching-and-learning-science-outdoors-in-schools-immediate-surroundings-at-k-12-levels-a-4951\"><em>et al.<\/em> (2017)<\/a> (en langue anglaise) pr\u00e9sente une m\u00e9ta-synth\u00e8se au d\u00e9part des articles publi\u00e9s entre 2000 et 2015 dans le domaine des sciences de plein air de la maternelle au secondaire.<\/p>\n\n\n\n<p class=\"has-text-align-justify\"><a href=\"https:\/\/www.ijese.com\/article\/factors-related-to-students-perception-of-learning-during-outdoor-science-lessons-in-schools-7815\" target=\"_blank\" rel=\"noreferrer noopener\">Ayotte-Beaudet et Potvin (2020)<\/a> (en langue anglaise) ont men\u00e9 une recherche portant la perception de l\u2019apprentissage des \u00e9l\u00e8ves de secondaire (middle school, Qu\u00e9bec) quand les le\u00e7ons sont donn\u00e9es dans l\u2019environnement proche. Leurs r\u00e9sultats sont particuli\u00e8rement int\u00e9ressants concernant l\u2019image que les \u00e9l\u00e8ves ont des apprentissages scientifiques et am\u00e8nent les auteurs \u00e0 pr\u00e9ciser la nature des sciences qui se joue \u00e0 l\u2019\u00e9cole.<\/p>\n\n\n\n<p class=\"has-text-align-justify\">La <a href=\"https:\/\/www.tandfonline.com\/doi\/full\/10.1080\/00219266.2021.1909634?scroll=top&amp;needAccess=true&amp;role=tab\" target=\"_blank\" rel=\"noreferrer noopener\">recherche de Ayotte-Baudet <\/a><a href=\"https:\/\/www.tandfonline.com\/doi\/full\/10.1080\/00219266.2021.1909634?scroll=top&amp;needAccess=true&amp;role=tab\"><em>et al. <\/em>(2021)<\/a> (en langue anglaise) explore les impacts d\u2019un enseignement de sciences en plein air et se penche notamment ce que les \u00e9l\u00e8ves du primaire, \u00e2g\u00e9s de 10 \u00e0 12 ans (5e et 6e ann\u00e9es, Canada), apprennent et comment ils apprennent.<\/p>\n\n\n\n<p class=\"has-text-align-justify\">L\u2019article de <a href=\"https:\/\/www.pedocs.de\/frontdoor.php?source_opus=12956\" target=\"_blank\" rel=\"noreferrer noopener\">Lindemann-Mat<\/a><a rel=\"noreferrer noopener\" href=\"https:\/\/www.pedocs.de\/frontdoor.php?source_opus=12956\" target=\"_blank\">t<\/a><a href=\"https:\/\/www.pedocs.de\/frontdoor.php?source_opus=12956\">hies et al. (2017)<\/a> (en langue anglaise) est consacr\u00e9 \u00e0 une recherche sur le niveau de pr\u00e9paration des \u00e9tudiants en formation initiale quant \u00e0 leur aptitude \u00e0 implanter des activit\u00e9s portant sur l\u2019identification d\u2019esp\u00e8ces v\u00e9g\u00e9tales et animales au sein de l\u2019\u00e9cole. Elle soul\u00e8ve des questions sur l\u2019int\u00e9r\u00eat de ces futurs enseignants \u00e0 propos de ce type d\u2019activit\u00e9 et sur leur sentiment de comp\u00e9tence.<\/p>\n\n\n\n<h2 class=\"wp-block-heading\">Pistes de r\u00e9flexion pour les TFE et m\u00e9moires<\/h2>\n\n\n\n<p>S\u2019int\u00e9resser \u00e0 l\u2019\u00e9cole du dehors dans les pratiques d\u2019enseignement en sciences, c\u2019est par exemple :<\/p>\n\n\n\n<ul class=\"wp-block-list\">\n<li>questionner la place des activit\u00e9s men\u00e9es <em>dehors<\/em> dans une s\u00e9quence d\u2019apprentissage ;<\/li>\n\n\n\n<li>se pencher sur les int\u00e9r\u00eats et les limites des activit\u00e9s men\u00e9es <em>dehors<\/em> dans une s\u00e9quence ;<\/li>\n\n\n\n<li>\u00e9valuer les impacts de l&rsquo;\u00e9cole du dehors sur la compr\u00e9hension des concepts scientifiques chez les \u00e9l\u00e8ves du primaire ;<\/li>\n\n\n\n<li>r\u00e9fl\u00e9chir \u00e0 l\u2019articulation entre les moments <em>dehors<\/em> et<em> dedans<\/em> (en classe) ;<\/li>\n\n\n\n<li>s\u2019interroger sur le r\u00f4le de la structuration pour rendre visibles les apprentissages li\u00e9s \u00e0 l\u2019\u00e9cole du dehors ;<\/li>\n\n\n\n<li>questionner les pratiques qui permettraient que tous les \u00e9l\u00e8ves apprennent ;<\/li>\n\n\n\n<li>s\u2019int\u00e9resser aux malentendus qui peuvent se glisser dans les activit\u00e9s pratiqu\u00e9es \u00e0 l\u2019ext\u00e9rieur ;<\/li>\n\n\n\n<li>s&rsquo;interroger sur les finalit\u00e9s poursuivies par les activit\u00e9s qui se revendiquent du <em>dehors<\/em> en lien avec les r\u00e9f\u00e9rentiels ;<\/li>\n\n\n\n<li>s\u2019interroger sur les pratiques favorisant une secondarisation des apprentissages men\u00e9s au dehors ;<\/li>\n\n\n\n<li>questionner les int\u00e9r\u00eats de ces pratiques en terme d&rsquo;\u00e9ducation \u00e0 l\u2019environnement et\/ou au d\u00e9veloppement durable ;<\/li>\n\n\n\n<li>\u00e9tudier la place et la statut de l&rsquo;observation scientifique dans le cadre des activit\u00e9s du <em>dehors<\/em>;<\/li>\n\n\n\n<li>&#8230;<\/li>\n<\/ul>\n\n\n\n<hr class=\"wp-block-separator has-alpha-channel-opacity\"\/>\n\n\n\n<p><a href=\"#_ftnref1\" id=\"_ftn1\"><sup>[1]<\/sup><\/a> Fauchier-Delavigne, M., &amp; Ch\u00e9reau, M. (2019). <em>L&rsquo;enfant dans la nature<\/em>. Fayard.<\/p>\n\n\n\n<p><a href=\"#_ftnref2\" id=\"_ftn2\"><sup>[2]<\/sup><\/a> Chereau, M. et Fauchier-Delavigne, M. (2018) relate dans \u00ab L \u2019enfant dans la nature \u00bb qu\u2019il existe quelques milliers de Forrest schools au Royaume Uni, 2000 en Allemagne, 144 en R\u00e9publique tch\u00e8que, 100 en Italie\u2026<\/p>\n\n\n\n<p><a href=\"#_ftnref3\" id=\"_ftn3\"><sup>[3]<\/sup><\/a> Louv, R. (2005). <em>Nature Deficit Is ADHD research overlooking the green factor?. <\/em>Orion.<\/p>\n\n\n\n<p><a href=\"#_ftnref4\" id=\"_ftn4\"><sup>[4]<\/sup><\/a> Ariena (R\u00e9seau d\u2019\u00e9ducation \u00e0 la nature et \u00e0 l\u2019environnement en Alsace) (2019). Grandir dehors. Guide p\u00e9dagogique et m\u00e9thodologique \u00e9dit\u00e9 par l\u2019Ariena<\/p>\n\n\n\n<p><a href=\"#_ftnref5\" id=\"_ftn5\"><sup>[5]<\/sup><\/a> Connac, S. (2021) Les limites de l\u2019\u00e9cole du dehors Dossier Apprendre dehors. <em>Cahiers p\u00e9dagogiques<\/em>, 570, 33.<\/p>\n\n\n\n<p><a href=\"#_ftnref6\" id=\"_ftn6\"><sup>[6]<\/sup><\/a> Giamellaro, M. (2014). Primary contextualization of science learning through immersion in content-rich settings. International Journal of Science Education, 36(17), 2848-2871<\/p>\n\n\n\n<p><a href=\"#_ftnref7\" id=\"_ftn7\"><sup>[7]<\/sup><\/a> Bautier, E. et Goigoux, R. (2004). Difficult\u00e9s d\u2019apprentissage, processus de secondarisation et pratiques enseignantes : une hypoth\u00e8se relationnelle. <em>Revue fran\u00e7aise de p\u00e9dagogie<\/em>, 148, 89-100.<\/p>\n\n\n\n<p><a href=\"#_ftnref8\" id=\"_ftn8\"><sup>[8]<\/sup><\/a> Connac, S. (2021) Les limites de l\u2019\u00e9cole du dehors Dossier Apprendre dehors. <em>Cahiers p\u00e9dagogiques<\/em>, 570, 33.<\/p>\n\n\n\n<p><a href=\"#_ftnref9\" id=\"_ftn9\"><sup>[9]<\/sup><\/a> Wauquier, S. (2021). On ne fait pas cours dehors comme dedans. Dossier \u201cApprendre dehors\u201d. <em>Cahiers p\u00e9dagogiques<\/em>, 570.<\/p>\n\n\n\n<p><a href=\"#_ftnref10\" id=\"_ftn10\"><sup>[10]<\/sup><\/a> Partoune, C. (2020). <em>Dehors, j&rsquo;apprends: Essai p\u00e9dagogique<\/em>. Edipro.<\/p>\n\n\n\n<p><a id=\"_ftn11\" href=\"#_ftnref11\"><sup>[11]<\/sup><\/a> Zwang, A. et Zakhartchouk, J.-M. (dir.) (2021). Apprendre dehors [Dossier]. <em>Cahiers p\u00e9dagogiques<\/em>, 570.<\/p>\n\n\n\n<p><a href=\"#_ftn12\" data-type=\"internal\" data-id=\"#_ftn12\">[12]<\/a> Reynaud L. et Zakhartchouk, J.-M. (2023). Apprendre avec la nature [Dossier]. <em>Cahiers p\u00e9dagogiques<\/em>, 585.<\/p>\n\n\n","protected":false},"excerpt":{"rendered":"<p>Pour citer cette page : Roelants, D. et Dahmouche, H. (2023). Ecole du dehors. DidacSciences. https:\/\/didacsciences.be\/. Introduction et balises L&rsquo;\u00c9cole du dehors connait beaucoup de succ\u00e8s (Chereau &amp; Fauchier-Delavigne, 2019[1]). L\u2019augmentation des \u00e9tudes sur les pratiques li\u00e9es \u00e0 l\u2019\u00e9cole du dehors montre cet engouement et un d\u00e9sir de revoir les pratiques dans l\u2019enseignement (Ayotte-Beaudet et [&hellip;]<\/p>\n","protected":false},"author":1,"featured_media":0,"parent":105,"menu_order":0,"comment_status":"closed","ping_status":"closed","template":"","meta":{"saved_in_kubio":true,"footnotes":"[]"},"class_list":["post-680","page","type-page","status-publish","hentry"],"kubio_ai_page_context":{"short_desc":"","purpose":"general"},"jetpack_sharing_enabled":true,"_links":{"self":[{"href":"https:\/\/didacsciences.be\/index.php\/wp-json\/wp\/v2\/pages\/680","targetHints":{"allow":["GET"]}}],"collection":[{"href":"https:\/\/didacsciences.be\/index.php\/wp-json\/wp\/v2\/pages"}],"about":[{"href":"https:\/\/didacsciences.be\/index.php\/wp-json\/wp\/v2\/types\/page"}],"author":[{"embeddable":true,"href":"https:\/\/didacsciences.be\/index.php\/wp-json\/wp\/v2\/users\/1"}],"replies":[{"embeddable":true,"href":"https:\/\/didacsciences.be\/index.php\/wp-json\/wp\/v2\/comments?post=680"}],"version-history":[{"count":19,"href":"https:\/\/didacsciences.be\/index.php\/wp-json\/wp\/v2\/pages\/680\/revisions"}],"predecessor-version":[{"id":1248,"href":"https:\/\/didacsciences.be\/index.php\/wp-json\/wp\/v2\/pages\/680\/revisions\/1248"}],"up":[{"embeddable":true,"href":"https:\/\/didacsciences.be\/index.php\/wp-json\/wp\/v2\/pages\/105"}],"wp:attachment":[{"href":"https:\/\/didacsciences.be\/index.php\/wp-json\/wp\/v2\/media?parent=680"}],"curies":[{"name":"wp","href":"https:\/\/api.w.org\/{rel}","templated":true}]}}